{"id":81,"date":"2015-05-29T18:30:21","date_gmt":"2015-05-29T16:30:21","guid":{"rendered":"https:\/\/sindikat-novinarjev.si\/?page_id=81"},"modified":"2022-01-08T17:30:06","modified_gmt":"2022-01-08T16:30:06","slug":"sodelovanje-z-dns","status":"publish","type":"page","link":"http:\/\/sindikat-novinarjev.si\/en\/sodelovanje-z-dns\/","title":{"rendered":"Sodelovanje z DNS"},"content":{"rendered":"<p><strong>Protokol o skupnih ciljih SNS in DNS<br \/>\n<\/strong>in<br \/>\n<strong>Sporazum o skupnem interesu pri sporazumevanju o kolektivni pogodbi za novinarje<\/strong><\/p>\n<p>&nbsp;<\/p>\n<ol>\n<li>Podpisnika tega protokola in sporazuma sta predsednika Sindikata novinarjev Slovenije in <a href=\"http:\/\/novinar.com\/\" target=\"_blank\" rel=\"noopener\">Dru\u0161tva novinarjev Slovenije <\/a>Iztok Juran\u010di\u010d in Grega Repov\u017e. S tem sporazumom izra\u017eata strinjanje, da so <strong>cilji obeh organizacij enaki<\/strong>.<\/li>\n<\/ol>\n<p>&nbsp;<\/p>\n<ol start=\"2\">\n<li>S tem sporazumom se Dru\u0161tvo novinarjev Slovenije zavezuje, da bo <strong>aktivno pomagalo<\/strong> Sindikatu novinarjev Slovenije pri pripravi, promociji in uveljavljanju sindikalnih zahtev ter nove nacionalne kolektivne pogodbe za novinarje. V okviru svojih mo\u017enosti bo Dru\u0161tvo novinarjev Slovenije pomagalo Sindikatu novinarjev Slovenije tako z javno podporo kot tudi s strokovno in finan\u010dno pomo\u010djo. Dru\u0161tvo novinarjev Slovenije se obvezuje, da bo Sindikat novinarjev Slovenije podprlo pri vseh <strong>pogajalskih zahtevah<\/strong> ter v primeru zaostritev v okviru sindikalnega boja aktivno sodelovalo v okviru lastnih pristojnosti.<\/li>\n<\/ol>\n<p>&nbsp;<\/p>\n<ol start=\"3\">\n<li>S tem sporazumom se Sindikat novinarjev Slovenije obvezuje, da bo v predlog nove kolektivne pogodbe za novinarje vklju\u010dil tudi minimalne standarde na podro\u010dju <strong>novinarske avtonomije<\/strong> ter osnovne vsebine statuta uredni\u0161tev, ki jih morajo spo\u0161tovati vsi podpisniki nacionalne kolektivne pogodbe za novinarje. Sindikat novinarjev Slovenije se obvezuje, da bo Dru\u0161tvo novinarjev Slovenije s svojimi sodelavci aktivno sodelovalo pri oblikovanju teh dolo\u010dil <strong>nacionalne kolektivne pogodbe<\/strong>.<\/li>\n<\/ol>\n<p>&nbsp;<\/p>\n<ol start=\"4\">\n<li>Dru\u0161tvo novinarjev Slovenije in Sindikat novinarjev Slovenije se s tem sporazumom obvezujeta, da bosta aktivno izmenjavala vse informacije in strokovne ter pravne dokumente in mnenja, ki kakorkoli vplivajo na <strong>status novinarjev v Sloveniji<\/strong>.\n<\/ol>\n<p>&nbsp;<br \/>\n<em>predsednik Sindikata novinarjev Slovenije Iztok Juran\u010di\u010d<br \/>\npredsednik Dru\u0161tva novinarjev Slovenije Grega Repov\u017e<\/em>\n<\/ol>\n<p>&nbsp;<\/p>\n<p><em>V Ljubljani, 9. oktobra 2002<\/em><\/p>","protected":false},"excerpt":{"rendered":"<p>Protokol o skupnih ciljih SNS in DNS in Sporazum o skupnem interesu pri sporazumevanju o kolektivni pogodbi za novinarje &nbsp; Podpisnika tega protokola in sporazuma sta predsednika Sindikata novinarjev Slovenije in Dru\u0161tva novinarjev Slovenije Iztok Juran\u010di\u010d in Grega Repov\u017e. S tem sporazumom izra\u017eata strinjanje, da so cilji obeh organizacij enaki. &nbsp; S tem sporazumom se Dru\u0161tvo novinarjev Slovenije zavezuje, da bo aktivno pomagalo Sindikatu novinarjev Slovenije pri pripravi, promociji in uveljavljanju sindikalnih zahtev ter nove nacionalne kolektivne pogodbe za novinarje. V okviru svojih mo\u017enosti bo Dru\u0161tvo novinarjev Slovenije pomagalo Sindikatu novinarjev Slovenije tako z javno podporo kot tudi s strokovno in finan\u010dno pomo\u010djo. Dru\u0161tvo novinarjev Slovenije se obvezuje, da bo Sindikat novinarjev Slovenije podprlo pri vseh pogajalskih zahtevah ter v primeru zaostritev v okviru sindikalnega boja aktivno sodelovalo v okviru lastnih pristojnosti. &nbsp; S tem sporazumom se Sindikat novinarjev Slovenije obvezuje, da bo v predlog nove kolektivne pogodbe za novinarje vklju\u010dil tudi minimalne standarde na podro\u010dju novinarske avtonomije ter osnovne vsebine statuta uredni\u0161tev, ki jih morajo spo\u0161tovati vsi podpisniki nacionalne kolektivne pogodbe za novinarje. Sindikat novinarjev Slovenije se obvezuje, da bo Dru\u0161tvo novinarjev Slovenije s svojimi sodelavci aktivno sodelovalo pri oblikovanju teh dolo\u010dil nacionalne kolektivne pogodbe. &nbsp; Dru\u0161tvo novinarjev Slovenije in Sindikat novinarjev Slovenije se s tem sporazumom obvezujeta, da bosta aktivno izmenjavala vse informacije in strokovne ter pravne dokumente in mnenja, ki kakorkoli vplivajo na status novinarjev v Sloveniji. &nbsp; predsednik Sindikata novinarjev Slovenije Iztok Juran\u010di\u010d predsednik Dru\u0161tva novinarjev Slovenije Grega Repov\u017e &nbsp; V Ljubljani, 9. oktobra 2002<\/p>","protected":false},"author":4,"featured_media":0,"parent":0,"menu_order":0,"comment_status":"closed","ping_status":"closed","template":"","meta":{"footnotes":"","_links_to":"","_links_to_target":""},"categories":[],"tags":[],"class_list":["post-81","page","type-page","status-publish","hentry"],"jetpack_sharing_enabled":true,"post_mailing_queue_ids":[],"_links":{"self":[{"href":"http:\/\/sindikat-novinarjev.si\/en\/wp-json\/wp\/v2\/pages\/81","targetHints":{"allow":["GET"]}}],"collection":[{"href":"http:\/\/sindikat-novinarjev.si\/en\/wp-json\/wp\/v2\/pages"}],"about":[{"href":"http:\/\/sindikat-novinarjev.si\/en\/wp-json\/wp\/v2\/types\/page"}],"author":[{"embeddable":true,"href":"http:\/\/sindikat-novinarjev.si\/en\/wp-json\/wp\/v2\/users\/4"}],"replies":[{"embeddable":true,"href":"http:\/\/sindikat-novinarjev.si\/en\/wp-json\/wp\/v2\/comments?post=81"}],"version-history":[{"count":7,"href":"http:\/\/sindikat-novinarjev.si\/en\/wp-json\/wp\/v2\/pages\/81\/revisions"}],"predecessor-version":[{"id":2217,"href":"http:\/\/sindikat-novinarjev.si\/en\/wp-json\/wp\/v2\/pages\/81\/revisions\/2217"}],"wp:attachment":[{"href":"http:\/\/sindikat-novinarjev.si\/en\/wp-json\/wp\/v2\/media?parent=81"}],"wp:term":[{"taxonomy":"category","embeddable":true,"href":"http:\/\/sindikat-novinarjev.si\/en\/wp-json\/wp\/v2\/categories?post=81"},{"taxonomy":"post_tag","embeddable":true,"href":"http:\/\/sindikat-novinarjev.si\/en\/wp-json\/wp\/v2\/tags?post=81"}],"curies":[{"name":"wp","href":"https:\/\/api.w.org\/{rel}","templated":true}]}}