{"id":97,"date":"2015-05-29T19:17:04","date_gmt":"2015-05-29T17:17:04","guid":{"rendered":"https:\/\/sindikat-novinarjev.si\/?page_id=97"},"modified":"2018-02-28T21:19:57","modified_gmt":"2018-02-28T20:19:57","slug":"novinarski-kodeks","status":"publish","type":"page","link":"http:\/\/sindikat-novinarjev.si\/en\/novinarski-kodeks\/","title":{"rendered":"Novinarski kodeks"},"content":{"rendered":"<p><strong>Preambula<\/strong><\/p>\n<p><strong>Izhajajo\u010d iz svobode izra\u017eanja in pravice do informacij javnega zna\u010daja kot temeljnih \u010dlovekovih pravic in svobo\u0161\u010din, ki jih zagotavljajo ustava in mednarodni dokumenti s podro\u010dja varstva \u010dlovekovih pravic, ter iz na\u010del M\u00fcnchenske deklaracije, novinarji Slovenije, zdru\u017eeni v Dru\u0161tvu novinarjev Slovenije in Sindikatu novinarjev Slovenije, sprejemamo ta kodeks. Kodeks vsebuje eti\u010dne standarde kot usmeritve in zavezo za delo novinarjev in drugih ustvarjalcev vsebin, ki so objavljene v slovenskih medijih, ne glede na oblike njihovega raz\u0161irjanja. Skladnost posameznih ravnanj s tem kodeksom ugotavlja Novinarsko \u010dastno razsodi\u0161\u010de, skupni organ DNS in SNS. Kodeks dopolnjujejo in pojasnjujejo Priporo\u010dila Novinarskega \u010dastnega razsodi\u0161\u010da (N\u010cR).<\/strong><\/p>\n<p><strong>\u00a0<\/strong><\/p>\n<p><strong>Novinarsko delo<\/strong><\/p>\n<ol>\n<li>Novinar mora preverjati to\u010dnost zbranih informacij in se izogibati napakam. Svoje napake \u2014\u010detudi nenamerne \u2014 mora priznati in popraviti. V tem primeru N\u010cR lahko presodi, da novinar ni kr\u0161il kodeksa.<\/li>\n<li>Novinar se mora izogibati nekorektnemu, osebno \u017ealjivemu predstavljanju podatkov in dejstev.<\/li>\n<li>Novinar mora pri objavljanju informacij, ki vsebujejo hude obto\u017ebe, pridobiti odziv tistih, ki jih te informacije zadevajo, praviloma v istem prispevku, sicer pa takoj, ko je mogo\u010de. Enako mora storiti tudi, ko povzema hude obto\u017ebe iz drugih medijev ali arhivov. \u010ce novinar odziva ni mogel pridobiti, mora to javnosti pojasniti.<\/li>\n<li>Novinar ne sme zamol\u010dati informacij, klju\u010dnih za razumevanje obravnavane teme.<\/li>\n<li>Ko novinar objavlja nepotrjene informacije, govorice ali ugibanja, mora na to opozoriti.<\/li>\n<li>Novinar mora, kadar je le mogo\u010de, navesti vir informacije.<\/li>\n<li>Novinar mora pri objavi rezultatov raziskav navesti naro\u010dnika, izvajalca in \u010das opravljene raziskave. Pri objavi rezultatov raziskav javnega mnenja mora, \u010de je le mogo\u010de, navesti \u0161e vzorec in metodo. \u010ce teh podatkov ne more pridobiti, mora javnost na to opozoriti.<\/li>\n<li>Novinar se z virom informacij, ki ga sicer lahko identificira, lahko dogovori za zagotavljanje anonimnosti. Tak\u0161en vir lahko uporabi le, \u010de informacij ni mogel pridobiti na drug na\u010din, objava pa je v javnem interesu. Novinar je dol\u017ean spo\u0161tovati dogovor o anonimnosti vira.<\/li>\n<li>Novinar se mora izogibati pla\u010devanju informacij.<\/li>\n<li>Monta\u017ea, napovedi, naslovi in podnapisi ne smejo potvarjati vsebine. Primerno mora biti ozna\u010dena tudi simbolna ali arhivska slika.<\/li>\n<li>Plagiatorstvo in ponarejanje dokumentov je nedopustno.<\/li>\n<li>Novinar ne sme uporabljati nedovoljenih na\u010dinov zbiranja podatkov. \u010ce informacij, ki so za javnost izrednega pomena, ni mogo\u010de pridobiti druga\u010de, mora svoje ravnanje in razloge zanj predstaviti javnosti.<\/li>\n<\/ol>\n<ol start=\"13\">\n<li>*\u00a0Novinar se mora vedno predstaviti kot novinar in pojasniti namen zbiranja podatkov. Status novinarja lahko zamol\u010di le izjemoma, kadar je posku\u0161al priti do informacij, ki so v javnem interesu, vendar jih kot novinar ni mogel pridobiti.<\/li>\n<\/ol>\n<ol start=\"14\">\n<li>*\u00a0Novinar lahko zvo\u010dno in slikovno snema ter fotografira le po privolitvi snemane oziroma fotografirane osebe. Privolitev je lahko tudi tiha (\u010de oseba ne nasprotuje). Izjemoma sme novinar snemati, fotografirati brez privolitve, kadar utemeljeno meni, da bo na ta na\u010din razkril informacije, ki so v interesu javnosti. Razloge za svojo odlo\u010ditev mora pojasniti v prispevku.<\/li>\n<\/ol>\n<ol start=\"15\">\n<li>Novinar je dol\u017ean lo\u010diti informacijo od komentarja. Razlika med poro\u010dilom o dejstvih in komentarjem mora biti dovolj razvidna, da lahko naslovnik sporo\u010dila lo\u010di med dejstvi in stali\u0161\u010di novinarja.<\/li>\n<\/ol>\n<p><strong>\u00a0<\/strong><\/p>\n<p><strong>Elektronske publikacije<\/strong><\/p>\n<ol start=\"16\">\n<li>Odgovorni urednik odgovarja za vsebino komentarjev in drugega avdio\u2013vizualnega materiala bralcev, poslu\u0161alcev ali gledalcev. Odgovorni urednik oblikuje pravila za izbiro in vklju\u010ditev komentarjev. Komentar, ki ni v skladu z objavljenimi pravili, mora biti v najkraj\u0161em \u010dasu umaknjen.<\/li>\n<\/ol>\n<p><strong>\u00a0<\/strong><\/p>\n<p><strong>Splo\u0161ne eti\u010dne norme<\/strong><\/p>\n<ol start=\"17\">\n<li>* Novinar spo\u0161tuje pravico posameznika do zasebnosti in se izogiba senzacionalisti\u010dnemu in neupravi\u010denemu razkrivanju njegove zasebnosti v javnosti. Poseg v posameznikovo zasebnost je upravi\u010den le, \u010de javni interes pretehta nad spo\u0161tovanjem njegove zasebnosti. Pri poro\u010danju o javnih osebnostih in tistih, ki \u017eelijo dobiti mo\u010d in vpliv ter vzbujati pozornost, je pravica javnosti do obve\u0161\u010denosti \u0161ir\u0161a. Novinar se mora zavedati, da lahko z zbiranjem ter objavo informacij, fotografij in posnetkov \u0161kodi posameznikom, ki niso vajeni medijske in javne pozornosti.<\/li>\n<\/ol>\n<ol start=\"18\">\n<li>Ko novinar poro\u010da s podro\u010dja pravosodja, upo\u0161teva, da nih\u010de ni kriv, dokler ni pravnomo\u010dno obsojen. Novinar mora biti pazljiv pri omembi imen in objavi fotografij in posnetkov storilcev, \u017ertev in njihovih svojcev v poro\u010dilih o nesre\u010dah in predkazenskih postopkih.<\/li>\n<li>Posebno obzirnost mora pokazati pri zbiranju informacij, poro\u010danju in objavi fotografij ter pri prena\u0161anju izjav o otrocih in mladoletnikih, o osebah, ki jih je doletela nesre\u010da ali dru\u017einska tragedija, o osebah z motnjami v telesnem ali du\u0161evnem razvoju ter o drugih huje prizadetih ali bolnih osebah.<\/li>\n<li>Novinar se mora izogibati narodnostnim, rasnim, spolnim, starostnim, verskim, geografskim in drugim stereotipom ter podrobnostim, ki so povezane s spolnimi nagnjenji, invalidnostjo, fizi\u010dnim videzom, socialnim polo\u017eajem ali drugimi osebnimi okoli\u0161\u010dinami posameznikov in skupin.<\/li>\n<li>Spodbujanje k nasilju, \u0161irjenje sovra\u0161tva in nestrpnosti ter druge oblike sovra\u017enega govora so nedopustni. Novinar jih ne sme dopustiti, \u010de pa to ni mogo\u010de, se mora nanje nemudoma odzvati oziroma jih obsoditi.<\/li>\n<li>Novinar ne sme razkriti identitete \u017ertev spolnih zlorab, dru\u017einskih tragedij in hudih kaznivih dejanj in ne sme objaviti materiala, ki bi prispeval k razkritju identitete. Identiteto lahko razkrije s soglasjem \u017ertve.<\/li>\n<li>Novinar o samomoru in poskusu samomora poro\u010da le, \u010de to narekuje javni interes. Pri tem vzroke in okoli\u0161\u010dine samomora ali poskusa samomora navaja previdno. Ne navaja metode in kraja dejanja. Identiteto osebe, ki je storila ali poskusila storiti samomor, razkrije le, \u010de za to obstaja javni interes. Izjema je poro\u010danje o zgodovinskih osebah.<\/li>\n<\/ol>\n<p><strong>\u00a0<\/strong><\/p>\n<p><strong>Konflikti interesov<\/strong><\/p>\n<ol start=\"24\">\n<li>\u010ce je novinar vpleten v dogodke, o katerih poro\u010da, ali je v konfliktu interesov, mora to razkriti oziroma se mora kot novinar izlo\u010diti.<\/li>\n<li>Prepletanje ali zdru\u017eevanje novinarskih in ogla\u0161evalskih ali politi\u010dno propagandnih besedil ni dopustno. Oglasna sporo\u010dila, pla\u010dane objave in oglasi morajo biti prepoznavno in nedvoumno lo\u010deni od novinarskih besedil. \u010ce obstaja kakr\u0161enkoli dvom, mora biti nedvoumno ozna\u010deno, da gre za oglas. Hibridi med ogla\u0161evalskimi ali politi\u010dno propagandnimi in novinarskimi vsebinami so nedopustni.<\/li>\n<li>Da bi se novinar izognil dejanskim ali navideznim konfliktom interesov, se mora odre\u010di darilom, uslugam, nagradam in drugim ugodnostim. Izogniti se mora delu zunaj novinarskega poklica, ki zmanj\u0161uje njegovo verodostojnost ali verodostojnost novinarske skupnosti.<\/li>\n<li>Novinar ne sme informacij o finan\u010dnih dogodkih, ki jih dobi pri svojem profesionalnem delu, zlorabljati za osebne interese. \u010ce trguje z vrednostnimi papirji, o katerih poro\u010da, mora to razkriti javnosti.<\/li>\n<\/ol>\n<p><strong>\u00a0<\/strong><\/p>\n<p><strong>Pravice novinarjev in razmerja do javnosti<\/strong><\/p>\n<ol start=\"28\">\n<li>Novinar ima pravico zavrniti delo, ki je v nasprotju s tem kodeksom ali z njegovim profesionalnim prepri\u010danjem.<\/li>\n<li>Nih\u010de ne sme novinarju brez soglasja pomensko spremeniti, umakniti ali predelati prispevka. Novinar ima pravico podpisovati prispevke.\u00a0 Ni ga mogo\u010de podpisovati brez njegove vednosti ali proti njegovi volji.<\/li>\n<\/ol>\n<p>&nbsp;<\/p>\n<div class=\"clear\"><\/div><div class=\"gdl-divider gdl-border-x top\"><div class=\"scroll-top\"><\/div><\/div>\n<p>* Pri uporabi izjem, ki jih dopu\u0161\u010dajo 13., 14. in 17. \u010dlen in posegajo v pravice drugih, mora novinar pridobiti mnenje odgovornega urednika.<\/p>\n<p>&#8211; See more at: http:\/\/novinar.com\/drustvo\/o-nas\/dokumenti\/kodeks\/#sthash.Lc5Vzses.dpuf<\/p>\n<p>&nbsp;<\/p>","protected":false},"excerpt":{"rendered":"<p>Preambula Izhajajo\u010d iz svobode izra\u017eanja in pravice do informacij javnega zna\u010daja kot temeljnih \u010dlovekovih pravic in svobo\u0161\u010din, ki jih zagotavljajo ustava in mednarodni dokumenti s podro\u010dja varstva \u010dlovekovih pravic, ter iz na\u010del M\u00fcnchenske deklaracije, novinarji Slovenije, zdru\u017eeni v Dru\u0161tvu novinarjev Slovenije in Sindikatu novinarjev Slovenije, sprejemamo ta kodeks. Kodeks vsebuje eti\u010dne standarde kot usmeritve in zavezo za delo novinarjev in drugih ustvarjalcev vsebin, ki so objavljene v slovenskih medijih, ne glede na oblike njihovega raz\u0161irjanja. Skladnost posameznih ravnanj s tem kodeksom ugotavlja Novinarsko \u010dastno razsodi\u0161\u010de, skupni organ DNS in SNS. Kodeks dopolnjujejo in pojasnjujejo Priporo\u010dila Novinarskega \u010dastnega razsodi\u0161\u010da (N\u010cR). \u00a0 Novinarsko delo Novinar mora preverjati to\u010dnost zbranih informacij in se izogibati napakam. Svoje napake \u2014\u010detudi nenamerne \u2014 mora priznati in popraviti. V tem primeru N\u010cR lahko presodi, da novinar ni kr\u0161il kodeksa. Novinar se mora izogibati nekorektnemu, osebno \u017ealjivemu predstavljanju podatkov in dejstev. Novinar mora pri objavljanju informacij, ki vsebujejo hude obto\u017ebe, pridobiti odziv tistih, ki jih te informacije zadevajo, praviloma v istem prispevku, sicer pa takoj, ko je mogo\u010de. Enako mora storiti tudi, ko povzema hude obto\u017ebe iz drugih medijev ali arhivov. \u010ce novinar odziva ni mogel pridobiti, mora to javnosti pojasniti. Novinar ne sme zamol\u010dati informacij, klju\u010dnih za razumevanje obravnavane teme. Ko novinar objavlja nepotrjene informacije, govorice ali ugibanja, mora na to opozoriti. Novinar mora, kadar je le mogo\u010de, navesti vir informacije. Novinar mora pri objavi rezultatov raziskav navesti naro\u010dnika, izvajalca in \u010das opravljene raziskave. Pri objavi rezultatov raziskav javnega mnenja mora, \u010de je le mogo\u010de, navesti \u0161e vzorec in metodo. \u010ce teh podatkov ne more pridobiti, mora javnost na to opozoriti. Novinar se z virom informacij, ki ga sicer lahko identificira, lahko dogovori za zagotavljanje anonimnosti. Tak\u0161en vir lahko uporabi le, \u010de informacij ni mogel pridobiti na drug na\u010din, objava pa je v javnem interesu. Novinar je dol\u017ean spo\u0161tovati dogovor o anonimnosti vira. Novinar se mora izogibati pla\u010devanju informacij. Monta\u017ea, napovedi, naslovi in podnapisi ne smejo potvarjati vsebine. Primerno mora biti ozna\u010dena tudi simbolna ali arhivska slika. Plagiatorstvo in ponarejanje dokumentov je nedopustno. Novinar ne sme uporabljati nedovoljenih na\u010dinov zbiranja podatkov. \u010ce informacij, ki so za javnost izrednega pomena, ni mogo\u010de pridobiti druga\u010de, mora svoje ravnanje in razloge zanj predstaviti javnosti. *\u00a0Novinar se mora vedno predstaviti kot novinar in pojasniti namen zbiranja podatkov. Status novinarja lahko zamol\u010di le izjemoma, kadar je posku\u0161al priti do informacij, ki so v javnem interesu, vendar jih kot novinar ni mogel pridobiti. *\u00a0Novinar lahko zvo\u010dno in slikovno snema ter fotografira le po privolitvi snemane oziroma fotografirane osebe. Privolitev je lahko tudi tiha (\u010de oseba ne nasprotuje). Izjemoma sme novinar snemati, fotografirati brez privolitve, kadar utemeljeno meni, da bo na ta na\u010din razkril informacije, ki so v interesu javnosti. Razloge za svojo odlo\u010ditev mora pojasniti v prispevku. Novinar je dol\u017ean lo\u010diti informacijo od komentarja. Razlika med poro\u010dilom o dejstvih in komentarjem mora biti dovolj razvidna, da lahko naslovnik sporo\u010dila lo\u010di med dejstvi in stali\u0161\u010di novinarja. \u00a0 Elektronske publikacije Odgovorni urednik odgovarja za vsebino komentarjev in drugega avdio\u2013vizualnega materiala bralcev, poslu\u0161alcev ali gledalcev. Odgovorni urednik oblikuje pravila za izbiro in vklju\u010ditev komentarjev. Komentar, ki ni v skladu z objavljenimi pravili, mora biti v najkraj\u0161em \u010dasu umaknjen. \u00a0 Splo\u0161ne eti\u010dne norme * Novinar spo\u0161tuje pravico posameznika do zasebnosti in se izogiba senzacionalisti\u010dnemu in neupravi\u010denemu razkrivanju njegove zasebnosti v javnosti. Poseg v posameznikovo zasebnost je upravi\u010den le, \u010de javni interes pretehta nad spo\u0161tovanjem njegove zasebnosti. Pri poro\u010danju o javnih osebnostih in tistih, ki \u017eelijo dobiti mo\u010d in vpliv ter vzbujati pozornost, je pravica javnosti do obve\u0161\u010denosti \u0161ir\u0161a. Novinar se mora zavedati, da lahko z zbiranjem ter objavo informacij, fotografij in posnetkov \u0161kodi posameznikom, ki niso vajeni medijske in javne pozornosti. Ko novinar poro\u010da s podro\u010dja pravosodja, upo\u0161teva, da nih\u010de ni kriv, dokler ni pravnomo\u010dno obsojen. Novinar mora biti pazljiv pri omembi imen in objavi fotografij in posnetkov storilcev, \u017ertev in njihovih svojcev v poro\u010dilih o nesre\u010dah in predkazenskih postopkih. Posebno obzirnost mora pokazati pri zbiranju informacij, poro\u010danju in objavi fotografij ter pri prena\u0161anju izjav o otrocih in mladoletnikih, o osebah, ki jih je doletela nesre\u010da ali dru\u017einska tragedija, o osebah z motnjami v telesnem ali du\u0161evnem razvoju ter o drugih huje prizadetih ali bolnih osebah. Novinar se mora izogibati narodnostnim, rasnim, spolnim, starostnim, verskim, geografskim in drugim stereotipom ter podrobnostim, ki so povezane s spolnimi nagnjenji, invalidnostjo, fizi\u010dnim videzom, socialnim polo\u017eajem ali drugimi osebnimi okoli\u0161\u010dinami posameznikov in skupin. Spodbujanje k nasilju, \u0161irjenje sovra\u0161tva in nestrpnosti ter druge oblike sovra\u017enega govora so nedopustni. Novinar jih ne sme dopustiti, \u010de pa to ni mogo\u010de, se mora nanje nemudoma odzvati oziroma jih obsoditi. Novinar ne sme razkriti identitete \u017ertev spolnih zlorab, dru\u017einskih tragedij in hudih kaznivih dejanj in ne sme objaviti materiala, ki bi prispeval k razkritju identitete. Identiteto lahko razkrije s soglasjem \u017ertve. Novinar o samomoru in poskusu samomora poro\u010da le, \u010de to narekuje javni interes. Pri tem vzroke in okoli\u0161\u010dine samomora ali poskusa samomora navaja previdno. Ne navaja metode in kraja dejanja. Identiteto osebe, ki je storila ali poskusila storiti samomor, razkrije le, \u010de za to obstaja javni interes. Izjema je poro\u010danje o zgodovinskih osebah. \u00a0 Konflikti interesov \u010ce je novinar vpleten v dogodke, o katerih poro\u010da, ali je v konfliktu interesov, mora to razkriti oziroma se mora kot novinar izlo\u010diti. Prepletanje ali zdru\u017eevanje novinarskih in ogla\u0161evalskih ali politi\u010dno propagandnih besedil ni dopustno. Oglasna sporo\u010dila, pla\u010dane objave in oglasi morajo biti prepoznavno in nedvoumno lo\u010deni od novinarskih besedil. \u010ce obstaja kakr\u0161enkoli dvom, mora biti nedvoumno ozna\u010deno, da gre za oglas. Hibridi med ogla\u0161evalskimi ali politi\u010dno propagandnimi in novinarskimi vsebinami so nedopustni. Da bi se novinar izognil dejanskim ali navideznim konfliktom interesov, se mora odre\u010di darilom, uslugam, nagradam in drugim ugodnostim. Izogniti se mora delu zunaj novinarskega poklica, ki zmanj\u0161uje njegovo verodostojnost ali verodostojnost novinarske skupnosti. Novinar ne sme informacij o finan\u010dnih dogodkih, ki jih dobi pri svojem profesionalnem delu, zlorabljati za osebne interese. \u010ce trguje z vrednostnimi papirji, o katerih poro\u010da, mora to razkriti javnosti. \u00a0 Pravice novinarjev in razmerja do javnosti Novinar ima pravico zavrniti delo, ki je v nasprotju s tem kodeksom ali z njegovim [&hellip;]<\/p>","protected":false},"author":4,"featured_media":0,"parent":0,"menu_order":0,"comment_status":"closed","ping_status":"closed","template":"","meta":{"footnotes":"","_links_to":"","_links_to_target":""},"categories":[],"tags":[],"class_list":["post-97","page","type-page","status-publish","hentry"],"jetpack_sharing_enabled":true,"post_mailing_queue_ids":[],"_links":{"self":[{"href":"http:\/\/sindikat-novinarjev.si\/en\/wp-json\/wp\/v2\/pages\/97","targetHints":{"allow":["GET"]}}],"collection":[{"href":"http:\/\/sindikat-novinarjev.si\/en\/wp-json\/wp\/v2\/pages"}],"about":[{"href":"http:\/\/sindikat-novinarjev.si\/en\/wp-json\/wp\/v2\/types\/page"}],"author":[{"embeddable":true,"href":"http:\/\/sindikat-novinarjev.si\/en\/wp-json\/wp\/v2\/users\/4"}],"replies":[{"embeddable":true,"href":"http:\/\/sindikat-novinarjev.si\/en\/wp-json\/wp\/v2\/comments?post=97"}],"version-history":[{"count":9,"href":"http:\/\/sindikat-novinarjev.si\/en\/wp-json\/wp\/v2\/pages\/97\/revisions"}],"predecessor-version":[{"id":980,"href":"http:\/\/sindikat-novinarjev.si\/en\/wp-json\/wp\/v2\/pages\/97\/revisions\/980"}],"wp:attachment":[{"href":"http:\/\/sindikat-novinarjev.si\/en\/wp-json\/wp\/v2\/media?parent=97"}],"wp:term":[{"taxonomy":"category","embeddable":true,"href":"http:\/\/sindikat-novinarjev.si\/en\/wp-json\/wp\/v2\/categories?post=97"},{"taxonomy":"post_tag","embeddable":true,"href":"http:\/\/sindikat-novinarjev.si\/en\/wp-json\/wp\/v2\/tags?post=97"}],"curies":[{"name":"wp","href":"https:\/\/api.w.org\/{rel}","templated":true}]}}