{"id":105,"date":"2015-05-29T19:27:57","date_gmt":"2015-05-29T17:27:57","guid":{"rendered":"https:\/\/sindikat-novinarjev.si\/?page_id=105"},"modified":"2018-02-28T21:20:14","modified_gmt":"2018-02-28T20:20:14","slug":"novinarske-izkaznice","status":"publish","type":"page","link":"https:\/\/sindikat-novinarjev.si\/en\/novinarske-izkaznice\/","title":{"rendered":"Novinarske izkaznice"},"content":{"rendered":"<p>Sindikat novinarjev Slovenije je polnopravni \u010dlan <strong>Mednarodne novinarske zveze <\/strong>(IFJ), zato \u010dlanstvo v sindikatu omogo\u010da pridobitev mednarodne novinarske izkaznice, do katere so upravi\u010deni samo \u010dlani nacionalnih novinarskih zdru\u017eenj.<\/p>\n<p>IFJ je stare mednarodne izkaznice nadomestil z novimi v obliki kreditne kartice, ki pa so prav tako vlo\u017eene v ve\u010dji etui. Mednarodna izkaznica stane <strong>32 evrov<\/strong>. \u017de izdane izkaznice so veljavne do izteka roka, navedenega v izkaznici. Novo izkaznico lahko naro\u010dite 14 dni pred iztekom veljavnosti.<\/p>\n<p><strong>Fotografijo<\/strong> za izkaznico nam po novem lahko po\u0161ljete v elektronski obliki (jpg format) po elektronski po\u0161ti info(at)sindikat-novinarjev.si\u00a0ali jo prinesete na spominskem klju\u010du. \u0160e vedno pa lahko v pisarno pridete tudi s klasi\u010dno fotografijo, ki jo bomo skenirali. Za izdelavo izkaznice so primerne le fotografije za dokumente, ustrezne velikosti in resolucije.<\/p>\n<p>Dodatne informacije:<br \/>\nTajnica<br \/>\nMarija Penca<br \/>\nPisarna SNS<br \/>\nVo\u0161njakova 8<br \/>\n1000 Ljubljana<br \/>\ntel.\/fax (01) 426 0366<br \/>\ninfo(at)sindikat-novinarjev.si<\/p>","protected":false},"excerpt":{"rendered":"<p>Sindikat novinarjev Slovenije je polnopravni \u010dlan Mednarodne novinarske zveze (IFJ), zato \u010dlanstvo v sindikatu omogo\u010da pridobitev mednarodne novinarske izkaznice, do katere so upravi\u010deni samo \u010dlani nacionalnih novinarskih zdru\u017eenj. IFJ je stare mednarodne izkaznice nadomestil z novimi v obliki kreditne kartice, ki pa so prav tako vlo\u017eene v ve\u010dji etui. Mednarodna izkaznica stane 32 evrov. \u017de izdane izkaznice so veljavne do izteka roka, navedenega v izkaznici. Novo izkaznico lahko naro\u010dite 14 dni pred iztekom veljavnosti. Fotografijo za izkaznico nam po novem lahko po\u0161ljete v elektronski obliki (jpg format) po elektronski po\u0161ti info(at)sindikat-novinarjev.si\u00a0ali jo prinesete na spominskem klju\u010du. \u0160e vedno pa lahko v pisarno pridete tudi s klasi\u010dno fotografijo, ki jo bomo skenirali. Za izdelavo izkaznice so primerne le fotografije za dokumente, ustrezne velikosti in resolucije. Dodatne informacije: Tajnica Marija Penca Pisarna SNS Vo\u0161njakova 8 1000 Ljubljana tel.\/fax (01) 426 0366 info(at)sindikat-novinarjev.si<\/p>","protected":false},"author":4,"featured_media":0,"parent":0,"menu_order":0,"comment_status":"closed","ping_status":"closed","template":"","meta":{"footnotes":"","_links_to":"","_links_to_target":""},"categories":[],"tags":[],"class_list":["post-105","page","type-page","status-publish","hentry"],"jetpack_sharing_enabled":true,"post_mailing_queue_ids":[],"_links":{"self":[{"href":"https:\/\/sindikat-novinarjev.si\/en\/wp-json\/wp\/v2\/pages\/105","targetHints":{"allow":["GET"]}}],"collection":[{"href":"https:\/\/sindikat-novinarjev.si\/en\/wp-json\/wp\/v2\/pages"}],"about":[{"href":"https:\/\/sindikat-novinarjev.si\/en\/wp-json\/wp\/v2\/types\/page"}],"author":[{"embeddable":true,"href":"https:\/\/sindikat-novinarjev.si\/en\/wp-json\/wp\/v2\/users\/4"}],"replies":[{"embeddable":true,"href":"https:\/\/sindikat-novinarjev.si\/en\/wp-json\/wp\/v2\/comments?post=105"}],"version-history":[{"count":4,"href":"https:\/\/sindikat-novinarjev.si\/en\/wp-json\/wp\/v2\/pages\/105\/revisions"}],"predecessor-version":[{"id":982,"href":"https:\/\/sindikat-novinarjev.si\/en\/wp-json\/wp\/v2\/pages\/105\/revisions\/982"}],"wp:attachment":[{"href":"https:\/\/sindikat-novinarjev.si\/en\/wp-json\/wp\/v2\/media?parent=105"}],"wp:term":[{"taxonomy":"category","embeddable":true,"href":"https:\/\/sindikat-novinarjev.si\/en\/wp-json\/wp\/v2\/categories?post=105"},{"taxonomy":"post_tag","embeddable":true,"href":"https:\/\/sindikat-novinarjev.si\/en\/wp-json\/wp\/v2\/tags?post=105"}],"curies":[{"name":"wp","href":"https:\/\/api.w.org\/{rel}","templated":true}]}}