{"id":11,"date":"2015-05-04T18:37:10","date_gmt":"2015-05-04T16:37:10","guid":{"rendered":"https:\/\/sindikat-novinarjev.si\/?page_id=11"},"modified":"2023-02-09T08:28:09","modified_gmt":"2023-02-09T07:28:09","slug":"o-sns","status":"publish","type":"page","link":"https:\/\/sindikat-novinarjev.si\/en\/o-sns\/","title":{"rendered":"O SNS"},"content":{"rendered":"<h3><strong>Sindikat novinarjev Slovenije<\/strong><\/h3>\n<p>Vo\u0161njakova 8<br \/>\n1000 Ljubljana<br \/>\nTel\/Fax:<strong> 01 426 03 66<\/strong><br \/>\n<strong>\u00a0 \u00a0 \u00a0 \u00a0 \u00a0 \u00a0 \u00a0 \u00a0064 180 988 <\/strong>(glavni tajnik)<br \/>\nE-po\u0161ta: <a href=\"mailto:info@sindikat-novinarjev.si\" target=\"_blank\" rel=\"noopener\">info@sindikat-novinarjev.si<\/a><br \/>\nInternet: <a href=\"http:\/\/www.novinar.com\/sindikat\">www.sindikat-novinarjev.si<\/a><\/p>\n<p>Tajnica: Marija Penca: 01 426 03 66, <a class=\"moz-txt-link-abbreviated\" href=\"mailto:info@sindikat-novinarjev.si\" rel=\"noreferrer\">info@sindikat-novinarjev.si<\/a><br \/>\nGlavna tajnica: Mojca Zabukovec, 064 180 988,\u00a0<a href=\"mailto:glavni.tajnik@sindikat-novinarjev.si\">glavni.tajnik@sindikat-novinarjev.si<\/a><br \/>\nIztok Juran\u010di\u010d, svetovalec,\u00a0<a class=\"moz-txt-link-abbreviated\" href=\"mailto:ijurancic@gmail.com\" rel=\"noreferrer\">ijurancic@gmail.com<\/a><\/p>\n<p><strong>Sindikat novinarjev Slovenije je<\/strong> <strong>reprezentativni poklicno-strokovni sindikat, ustanovljen 6. marca 1990 v Kopru.<\/strong> Kot nacionalno zdru\u017eenje novinarjev je sindikat polnopravni \u010dlan Mednarodne novinarske zveze (IFJ) s sede\u017eem v Bruslju.<\/p>\n<p>Deklarirani namen in cilji poklicnega sindikalnega zdru\u017eenja so danes enaki, kot so bili polo\u017eeni v njegovo zibelko. Osnovni namen je <strong>varovanje pravic in uresni\u010devanje interesov kolektivnih in individualnih \u010dlanov<\/strong>. K nekaterim statutarno dolo\u010denim ciljem smo zavezani skupaj z Dru\u0161tvom novinarjev Slovenije. Med njimi velja omeniti predvsem <strong>skrb za avtonomijo novinarskega poklica in soodlo\u010danje pri uredni\u0161kih politikah<\/strong>.<br \/>\nKot vsako sindikalno zdru\u017eenje, tudi novinarsko stremi k <strong>solidarnosti \u010dlanstva<\/strong>. V SNS dobro vemo, da \u0161teje najve\u010d solidarnost, ki je prislu\u017eena z dejanji in storitvami <strong>zavarovanja pravic in interesov<\/strong>, ki jih je SNS obvezen ponuditi \u010dlanstvu tudi po ciljih in nalogah iz njegovega statuta. To pa so v tem \u010dasu zlasti ustrezno pla\u010dilo in delovni pogoji.<br \/>\n<strong>Kolektivna pogajanja so bistveno sredstvo za\u0161\u010dite sindikalno povezanih interesov.<\/strong> Ni jih brez socialnega dialoga, vendar je ta v globoki krizi. Razdrobljen je na dialog s posameznimi medijskimi dru\u017ebami, ker na republi\u0161ki ravni \u017ee od leta 2015 nimamo reprezentativnega sogovornika, ki bi se v imenu vseh medijskih delodajalcev pogajal za novo nacionalno kolektivno pogodbo. Kolektivna pogodba za poklicne novinarje je bila z odlo\u010ditvijo sodi\u0161\u010da v letu 2017 omejena na veljavnost v javnem zavodu Radiotelevizija Slovenija. <strong>Kolektivna pogodba za poklic in zaposlene v vseh medijih je tako znova osrednji cilj sindikata. <\/strong>Zanj bomo zdru\u017eili mo\u010di, saj \u017ee pri danem sindikalnem \u010dlanstvu izpolnjujemo pogoje za pogajanja o kolektivni pogodbi raz\u0161irjene veljavnosti.<br \/>\nDa bi bil kos tej osnovni nalogi, so med dejavnostmi sindikata v ospredju <strong>spremljanje, analiza in nadzor pla\u010dnih in zaposlitvenih politik medijskih hi\u0161<\/strong>, zagotavljanje<strong> pravne pomo\u010di, pove\u010devanje \u0161tevila \u010dlanov<\/strong> ter omogo\u010danje in spodbujanje medsebojnega <strong>obve\u0161\u010danja \u010dlanov<\/strong>.<\/p>\n<p><em><strong>Iztok Juran\u010di\u010d, svetovalec in nekdanji glavni tajnik SNS<\/strong><\/em><\/p>\n<div class=\"clear\"><\/div><div class=\"gdl-divider gdl-border-x top\"><div class=\"scroll-top\"><\/div><\/div>\n<h3><strong><br \/>\nRojstvo in prvi koraki Sindikata novinarjev Slovenije<\/strong><\/h3>\n<p>V osemdesetih letih prej\u0161njega stoletja se je po Evropi slutnja temeljitih in daljnose\u017enih dru\u017ebenih sprememb za\u010denjala vse hitreje udejanjati. Bolj ko so se bli\u017eala devetdeseta leta, bolj bliskovito se je Evropa spreminjala, z njo pa tudi Slovenija. Novinarji v Sloveniji smo bili na spremembe pripravljeni, pri njih smo aktivno sodelovali. Zavedali smo se, da se bosta na\u0161a vloga in dru\u017ebeni polo\u017eaj korenito spremenila, in odlo\u010dili smo se, da za varovanje svojih interesov in svobode javne besede oblikujemo nove mehanizme, znane iz razvitega sveta.<br \/>\nLeta 1989 se je v razmi\u0161ljanja slovenskih novinarjev naselila zamisel o ustanovitvi novinarskih sindikatov, najprej v Kopru, od koder se je odpiral \u0161irok razgled na razvito novinarsko organiziranost v sosednji Italiji in \u0161e naprej, kmalu nato pa tudi v ljubljanskih uredni\u0161tvih, v Mariboru itd. Tako je bil 22. septembra 1989 v Kopru ustanovljen Sindikat primorskih novinarjev, prvi \u00bbnovi\u00ab novinarski sindikat v tedanjem socialisti\u010dnem svetu.<\/p>\n<p>Zelo hitro so sledile ustanovitve novinarskih sindikatov po nekaterih ve\u010djih uredni\u0161tvih slovenskih mno\u017ei\u010dnih medijev in ob vzpostavitvi stikov med predstavniki nastalih sindikatov se je porodila zamisel o ustanovitvi skupnega, slovenskega novinarskega sindikata. Ob sodelovanju kolegov iz ljubljanskih in mariborskih uredni\u0161tev je bila vloga nosilca zdru\u017eevanja zaupana primorskemu novinarskemu sindikatu in 6. marca 1990 je bil v Kopru ustanovljen Sindikat novinarjev Slovenije.<br \/>\nNjegova osrednja naloga je bila priprava in uveljavitev kolektivne pogodbe za poklicne novinarje. Sindikat se je z veliko energi\u010dnostjo lotil vzpostavljanja potrebnih mehanizmov in si zagotovil najnujnej\u0161o gmotno podlago za izpeljavo te naloge. Kljub oranju ledine in \u0161tevilnim oviram je v decembru leta 1991 dosegel podpis kolektivne pogodbe za slovenske poklicne novinarje, prve poklicne kolektivne pogodbe v Sloveniji.<\/p>\n<p><em><strong>Ven\u010deslav Japelj, prvi predsednik SNS<\/strong><\/em><\/p>","protected":false},"excerpt":{"rendered":"<p>Sindikat novinarjev Slovenije Vo\u0161njakova 8 1000 Ljubljana Tel\/Fax: 01 426 03 66 \u00a0 \u00a0 \u00a0 \u00a0 \u00a0 \u00a0 \u00a0 \u00a0064 180 988 (glavni tajnik) E-po\u0161ta: info@sindikat-novinarjev.si Internet: www.sindikat-novinarjev.si Tajnica: Marija Penca: 01 426 03 66, info@sindikat-novinarjev.si Glavna tajnica: Mojca Zabukovec, 064 180 988,\u00a0glavni.tajnik@sindikat-novinarjev.si Iztok Juran\u010di\u010d, svetovalec,\u00a0ijurancic@gmail.com Sindikat novinarjev Slovenije je reprezentativni poklicno-strokovni sindikat, ustanovljen 6. marca 1990 v Kopru. Kot nacionalno zdru\u017eenje novinarjev je sindikat polnopravni \u010dlan Mednarodne novinarske zveze (IFJ) s sede\u017eem v Bruslju. Deklarirani namen in cilji poklicnega sindikalnega zdru\u017eenja so danes enaki, kot so bili polo\u017eeni v njegovo zibelko. Osnovni namen je varovanje pravic in uresni\u010devanje interesov kolektivnih in individualnih \u010dlanov. K nekaterim statutarno dolo\u010denim ciljem smo zavezani skupaj z Dru\u0161tvom novinarjev Slovenije. Med njimi velja omeniti predvsem skrb za avtonomijo novinarskega poklica in soodlo\u010danje pri uredni\u0161kih politikah. Kot vsako sindikalno zdru\u017eenje, tudi novinarsko stremi k solidarnosti \u010dlanstva. V SNS dobro vemo, da \u0161teje najve\u010d solidarnost, ki je prislu\u017eena z dejanji in storitvami zavarovanja pravic in interesov, ki jih je SNS obvezen ponuditi \u010dlanstvu tudi po ciljih in nalogah iz njegovega statuta. To pa so v tem \u010dasu zlasti ustrezno pla\u010dilo in delovni pogoji. Kolektivna pogajanja so bistveno sredstvo za\u0161\u010dite sindikalno povezanih interesov. Ni jih brez socialnega dialoga, vendar je ta v globoki krizi. Razdrobljen je na dialog s posameznimi medijskimi dru\u017ebami, ker na republi\u0161ki ravni \u017ee od leta 2015 nimamo reprezentativnega sogovornika, ki bi se v imenu vseh medijskih delodajalcev pogajal za novo nacionalno kolektivno pogodbo. Kolektivna pogodba za poklicne novinarje je bila z odlo\u010ditvijo sodi\u0161\u010da v letu 2017 omejena na veljavnost v javnem zavodu Radiotelevizija Slovenija. Kolektivna pogodba za poklic in zaposlene v vseh medijih je tako znova osrednji cilj sindikata. Zanj bomo zdru\u017eili mo\u010di, saj \u017ee pri danem sindikalnem \u010dlanstvu izpolnjujemo pogoje za pogajanja o kolektivni pogodbi raz\u0161irjene veljavnosti. Da bi bil kos tej osnovni nalogi, so med dejavnostmi sindikata v ospredju spremljanje, analiza in nadzor pla\u010dnih in zaposlitvenih politik medijskih hi\u0161, zagotavljanje pravne pomo\u010di, pove\u010devanje \u0161tevila \u010dlanov ter omogo\u010danje in spodbujanje medsebojnega obve\u0161\u010danja \u010dlanov. Iztok Juran\u010di\u010d, svetovalec in nekdanji glavni tajnik SNS Rojstvo in prvi koraki Sindikata novinarjev Slovenije V osemdesetih letih prej\u0161njega stoletja se je po Evropi slutnja temeljitih in daljnose\u017enih dru\u017ebenih sprememb za\u010denjala vse hitreje udejanjati. Bolj ko so se bli\u017eala devetdeseta leta, bolj bliskovito se je Evropa spreminjala, z njo pa tudi Slovenija. Novinarji v Sloveniji smo bili na spremembe pripravljeni, pri njih smo aktivno sodelovali. Zavedali smo se, da se bosta na\u0161a vloga in dru\u017ebeni polo\u017eaj korenito spremenila, in odlo\u010dili smo se, da za varovanje svojih interesov in svobode javne besede oblikujemo nove mehanizme, znane iz razvitega sveta. Leta 1989 se je v razmi\u0161ljanja slovenskih novinarjev naselila zamisel o ustanovitvi novinarskih sindikatov, najprej v Kopru, od koder se je odpiral \u0161irok razgled na razvito novinarsko organiziranost v sosednji Italiji in \u0161e naprej, kmalu nato pa tudi v ljubljanskih uredni\u0161tvih, v Mariboru itd. Tako je bil 22. septembra 1989 v Kopru ustanovljen Sindikat primorskih novinarjev, prvi \u00bbnovi\u00ab novinarski sindikat v tedanjem socialisti\u010dnem svetu. Zelo hitro so sledile ustanovitve novinarskih sindikatov po nekaterih ve\u010djih uredni\u0161tvih slovenskih mno\u017ei\u010dnih medijev in ob vzpostavitvi stikov med predstavniki nastalih sindikatov se je porodila zamisel o ustanovitvi skupnega, slovenskega novinarskega sindikata. Ob sodelovanju kolegov iz ljubljanskih in mariborskih uredni\u0161tev je bila vloga nosilca zdru\u017eevanja zaupana primorskemu novinarskemu sindikatu in 6. marca 1990 je bil v Kopru ustanovljen Sindikat novinarjev Slovenije. Njegova osrednja naloga je bila priprava in uveljavitev kolektivne pogodbe za poklicne novinarje. Sindikat se je z veliko energi\u010dnostjo lotil vzpostavljanja potrebnih mehanizmov in si zagotovil najnujnej\u0161o gmotno podlago za izpeljavo te naloge. Kljub oranju ledine in \u0161tevilnim oviram je v decembru leta 1991 dosegel podpis kolektivne pogodbe za slovenske poklicne novinarje, prve poklicne kolektivne pogodbe v Sloveniji. Ven\u010deslav Japelj, prvi predsednik SNS<\/p>","protected":false},"author":4,"featured_media":0,"parent":0,"menu_order":0,"comment_status":"closed","ping_status":"closed","template":"","meta":{"footnotes":"","_links_to":"","_links_to_target":""},"categories":[],"tags":[],"class_list":["post-11","page","type-page","status-publish","hentry"],"jetpack_sharing_enabled":true,"post_mailing_queue_ids":[],"_links":{"self":[{"href":"https:\/\/sindikat-novinarjev.si\/en\/wp-json\/wp\/v2\/pages\/11","targetHints":{"allow":["GET"]}}],"collection":[{"href":"https:\/\/sindikat-novinarjev.si\/en\/wp-json\/wp\/v2\/pages"}],"about":[{"href":"https:\/\/sindikat-novinarjev.si\/en\/wp-json\/wp\/v2\/types\/page"}],"author":[{"embeddable":true,"href":"https:\/\/sindikat-novinarjev.si\/en\/wp-json\/wp\/v2\/users\/4"}],"replies":[{"embeddable":true,"href":"https:\/\/sindikat-novinarjev.si\/en\/wp-json\/wp\/v2\/comments?post=11"}],"version-history":[{"count":20,"href":"https:\/\/sindikat-novinarjev.si\/en\/wp-json\/wp\/v2\/pages\/11\/revisions"}],"predecessor-version":[{"id":2986,"href":"https:\/\/sindikat-novinarjev.si\/en\/wp-json\/wp\/v2\/pages\/11\/revisions\/2986"}],"wp:attachment":[{"href":"https:\/\/sindikat-novinarjev.si\/en\/wp-json\/wp\/v2\/media?parent=11"}],"wp:term":[{"taxonomy":"category","embeddable":true,"href":"https:\/\/sindikat-novinarjev.si\/en\/wp-json\/wp\/v2\/categories?post=11"},{"taxonomy":"post_tag","embeddable":true,"href":"https:\/\/sindikat-novinarjev.si\/en\/wp-json\/wp\/v2\/tags?post=11"}],"curies":[{"name":"wp","href":"https:\/\/api.w.org\/{rel}","templated":true}]}}