{"id":19,"date":"2015-05-04T18:37:53","date_gmt":"2015-05-04T16:37:53","guid":{"rendered":"https:\/\/sindikat-novinarjev.si\/?page_id=19"},"modified":"2018-02-28T21:16:57","modified_gmt":"2018-02-28T20:16:57","slug":"avtonomija","status":"publish","type":"page","link":"https:\/\/sindikat-novinarjev.si\/en\/avtonomija\/","title":{"rendered":"Novinarska avtonomija"},"content":{"rendered":"<p><strong>\u010ce kdor koli posku\u0161a posegati v vsebino novinarskega dela, novinar ali novinarka \u2013 pod predpostavko, da pri delu upo\u0161teva eti\u010dne in profesionalne smernice \u2013 lahko re\u010de:\u00a0 \u00bbPreberite Zakon o medijih, 20. \u010dlen \u2013 uredniki in novinarji smo pri delu samostojni in neodvisni,\u00ab ter zavrne bolj ali manj jasne sugestije o \u00bbprimernej\u0161i vsebini\u00ab.\u00a0<\/strong><\/p>\n<p>Novinar ali novinarka lahko tudi re\u010de, da ima po avtorsko-pravni zakonodaji izklju\u010dno pravico odlo\u010diti, kdaj in kako bo avtorsko delo prvi\u010d objavljeno, kar je lahko resen argument predvsem takrat, ko v vsebine posegajo uredniki in odgovorni uredniki. Glede na hierarhi\u010dne strukture medijskih organizacij lahko vztrajanje pri pogledih, zapisanih v novinarskem avtorskem besedilu, pomeni, da novinarsko delo nazadnje ne bo objavljeno, vendar novinarju ali novinarki zaradi ravnanja v skladu z vestjo oziroma vztrajanja pri mnenjih in stali\u0161\u010dih ne bi smele groziti nobene sankcije.<\/p>\n<p><strong>Tako je v teoriji.<\/strong><\/p>\n<p>V praksi je nadaljevanje \u00bbzgodbe\u00ab o zavra\u010danju pritiskov obenem odvisno (vsaj) od odlo\u010dnosti in vztrajnosti novinarja ali novinarke, od aktivnosti zastopnikov uredni\u0161tev in novinarskih zdru\u017eenj, od tega, kdo je posku\u0161al vplivati na vsebino, s kak\u0161nimi motivi, kako dale\u010d se\u017ee glas o posegih v avtonomijo, kadar pride do njih, koliko se je odgovorni urednik pripravljen zavzeti za profesionalne standarde, za posamezne \u010dlane in \u010dlanice uredni\u0161tva ter uredni\u0161tvo kot celoto (\u010de ni odgovorni urednik sam vir posegov), kako solidarni so\u00a0 \u010dlani in \u010dlanice uredni\u0161tva in koliko izdajatelji razumejo, da so oziroma naj bi bili lastniki gospodarskih dru\u017eb posebnega dru\u017ebenega pomena. V taki dru\u017ebi se lahko zgodi, da kateri od produktov (npr. posamezna oddaja, rubrika v \u010dasopisu ali kar \u010dasnik\/revija\/postaja nasploh, itd.) ne zasleduje ves \u010das cilja maksimiranja dobi\u010dka, ampak ga morda v posameznih primerih celo neposredno ogro\u017ea \u2013 na primer s tem, da novinar ali novinarka izbrska negativne podrobnosti o izdajateljevem poslovnem partnerju, lahko velikem ogla\u0161evalcu, ki zato grozi z umikom posla.<\/p>\n<p><a title=\"Avtonomija v teoriji in praksi\" href=\"https:\/\/sindikat-novinarjev.si\/wp-content\/uploads\/Avtonomija-v-teoriji-in-praksi.doc\" target=\"_blank\">Beri dalje<\/a>.<\/p>\n<p><strong>OSTALE VSEBINE S PODRO\u010cJA AVTONOMIJE<\/strong><\/p>\n<p><a href=\"https:\/\/sindikat-novinarjev.si\/wp-content\/uploads\/Revizija-pravil-za-zagotavljanje-notranje-svobode-tiska.doc\">Revizija pravil za zagotavljanje notranje svobode tiska<\/a><\/p>\n<p><a href=\"https:\/\/sindikat-novinarjev.si\/wp-content\/uploads\/Minimum-pravil-uredni\u0161tev-o-poklicni-avtonomiji.doc\">Minimum pravil uredni\u0161tev o poklicni avtonomiji<\/a><\/p>\n<p><a href=\"https:\/\/sindikat-novinarjev.si\/wp-content\/uploads\/Osnutek-pravil-poklicne-avtonomije.doc\">Osnutek pravil poklicne avtonomije<\/a><\/p>\n<p><a href=\"https:\/\/sindikat-novinarjev.si\/wp-content\/uploads\/Cefranje-novinarske-avtonomije.doc\">Cefranje novinarske avtonomije<\/a><\/p>\n<p><a href=\"https:\/\/sindikat-novinarjev.si\/wp-content\/uploads\/Priporo\u010dilo-o-ukrepih-za-spodbujanje-medijskega-pluralizma.doc\">Priporo\u010dilo o ukrepih za spodbujanje medijskega pluralizma<\/a><\/p>\n<p><a href=\"https:\/\/sindikat-novinarjev.si\/wp-content\/uploads\/Minimalni-standardi-uredni\u0161ke-neodvisnosti.doc\">Minimalni standardi uredni\u0161ke neodvisnosti<\/a><\/p>\n<p><a href=\"https:\/\/sindikat-novinarjev.si\/wp-content\/uploads\/Svoboda-odgovornost-etika-vsakdan.doc\">Svoboda, odgovornost, etika, vsakdan<\/a><\/p>\n<p><a href=\"https:\/\/sindikat-novinarjev.si\/wp-content\/uploads\/Deklaracija-Mednarodne-Evropske-zveze-novinarjev-o-uredni\u0161ki-avtonomiji.doc\">Deklaracija Mednarodne\/Evropske zveze novinarjev o uredni\u0161ki avtonomiji<\/a><\/p>\n<p><a href=\"https:\/\/sindikat-novinarjev.si\/wp-content\/uploads\/Deklaracija-o-svobodi-izra\u017eanja-in-informiranja.doc\">Deklaracija o svobodi izra\u017eanja in informiranja<\/a><\/p>\n<p><a href=\"https:\/\/sindikat-novinarjev.si\/wp-content\/uploads\/Zakon-o-medijih-izdajatelji-in-uredni\u0161ka-avtonomija.doc\">Zakon o medijih, izdajatelji in uredni\u0161ka avtonomija<\/a><\/p>\n<p><a href=\"https:\/\/sindikat-novinarjev.si\/wp-content\/uploads\/Razprava-o-novinarski-avtonomiji.doc\">Razprava o novinarski avtonomiji<\/a><\/p>\n<p><a href=\"https:\/\/sindikat-novinarjev.si\/wp-content\/uploads\/Principi-za-zagotavljanje-uredni\u0161ke-neodvisnosti.doc\">Principi za zagotavljanje uredni\u0161ke neodvisnosti<\/a><\/p>\n<p><a href=\"https:\/\/sindikat-novinarjev.si\/wp-content\/uploads\/Nespodobno-povabilo-v-medijski-zakonodaji_uprava-v-uredni\u0161tvu.doc\">Nespodobno povabilo v medijski zakonodaji &#8211; uprava v uredni\u0161tvu<\/a><\/p>\n<p><a href=\"https:\/\/sindikat-novinarjev.si\/wp-content\/uploads\/Oblastnik-pi\u0161e-lastniku.doc\">Oblastnik pi\u0161e lastniku<\/a><\/p>\n<p><a href=\"https:\/\/sindikat-novinarjev.si\/wp-content\/uploads\/Med-odgovornostmi-in-pravicami.doc\">Med odgovornostmi in pravicami<\/a><\/p>\n<p><a href=\"https:\/\/sindikat-novinarjev.si\/wp-content\/uploads\/Integriteta-avtonomija-in-odgovornost-v-norve\u0161kih-medijih.doc\">Integriteta, avtonomija in odgovornost v norve\u0161kih medijih<\/a><\/p>\n<p><a href=\"https:\/\/sindikat-novinarjev.si\/wp-content\/uploads\/Je-la\u017eje-zamenjati-poklic-kot-delodajalca.doc\">Je la\u017eje zamenjati poklic kot delodajalca<\/a>?<\/p>\n<p><a href=\"https:\/\/sindikat-novinarjev.si\/wp-content\/uploads\/Declaration-of-Duties-and-Rights-of-Journalists-Switzerland.doc\">Declaration of Duties and Rights of Journalists Switzerland<\/a><\/p>\n<p><a href=\"https:\/\/sindikat-novinarjev.si\/wp-content\/uploads\/Zalo\u017eni\u0161ka-na\u010dela-in-principi-uredni\u0161ke-neodvisnosti.doc\">Zalo\u017eni\u0161ka na\u010dela in principi uredni\u0161ke neodvisnosti<\/a><\/p>","protected":false},"excerpt":{"rendered":"<p>\u010ce kdor koli posku\u0161a posegati v vsebino novinarskega dela, novinar ali novinarka \u2013 pod predpostavko, da pri delu upo\u0161teva eti\u010dne in profesionalne smernice \u2013 lahko re\u010de:\u00a0 \u00bbPreberite Zakon o medijih, 20. \u010dlen \u2013 uredniki in novinarji smo pri delu samostojni in neodvisni,\u00ab ter zavrne bolj ali manj jasne sugestije o \u00bbprimernej\u0161i vsebini\u00ab.\u00a0 Novinar ali novinarka lahko tudi re\u010de, da ima po avtorsko-pravni zakonodaji izklju\u010dno pravico odlo\u010diti, kdaj in kako bo avtorsko delo prvi\u010d objavljeno, kar je lahko resen argument predvsem takrat, ko v vsebine posegajo uredniki in odgovorni uredniki. Glede na hierarhi\u010dne strukture medijskih organizacij lahko vztrajanje pri pogledih, zapisanih v novinarskem avtorskem besedilu, pomeni, da novinarsko delo nazadnje ne bo objavljeno, vendar novinarju ali novinarki zaradi ravnanja v skladu z vestjo oziroma vztrajanja pri mnenjih in stali\u0161\u010dih ne bi smele groziti nobene sankcije. Tako je v teoriji. V praksi je nadaljevanje \u00bbzgodbe\u00ab o zavra\u010danju pritiskov obenem odvisno (vsaj) od odlo\u010dnosti in vztrajnosti novinarja ali novinarke, od aktivnosti zastopnikov uredni\u0161tev in novinarskih zdru\u017eenj, od tega, kdo je posku\u0161al vplivati na vsebino, s kak\u0161nimi motivi, kako dale\u010d se\u017ee glas o posegih v avtonomijo, kadar pride do njih, koliko se je odgovorni urednik pripravljen zavzeti za profesionalne standarde, za posamezne \u010dlane in \u010dlanice uredni\u0161tva ter uredni\u0161tvo kot celoto (\u010de ni odgovorni urednik sam vir posegov), kako solidarni so\u00a0 \u010dlani in \u010dlanice uredni\u0161tva in koliko izdajatelji razumejo, da so oziroma naj bi bili lastniki gospodarskih dru\u017eb posebnega dru\u017ebenega pomena. V taki dru\u017ebi se lahko zgodi, da kateri od produktov (npr. posamezna oddaja, rubrika v \u010dasopisu ali kar \u010dasnik\/revija\/postaja nasploh, itd.) ne zasleduje ves \u010das cilja maksimiranja dobi\u010dka, ampak ga morda v posameznih primerih celo neposredno ogro\u017ea \u2013 na primer s tem, da novinar ali novinarka izbrska negativne podrobnosti o izdajateljevem poslovnem partnerju, lahko velikem ogla\u0161evalcu, ki zato grozi z umikom posla. Beri dalje. OSTALE VSEBINE S PODRO\u010cJA AVTONOMIJE Revizija pravil za zagotavljanje notranje svobode tiska Minimum pravil uredni\u0161tev o poklicni avtonomiji Osnutek pravil poklicne avtonomije Cefranje novinarske avtonomije Priporo\u010dilo o ukrepih za spodbujanje medijskega pluralizma Minimalni standardi uredni\u0161ke neodvisnosti Svoboda, odgovornost, etika, vsakdan Deklaracija Mednarodne\/Evropske zveze novinarjev o uredni\u0161ki avtonomiji Deklaracija o svobodi izra\u017eanja in informiranja Zakon o medijih, izdajatelji in uredni\u0161ka avtonomija Razprava o novinarski avtonomiji Principi za zagotavljanje uredni\u0161ke neodvisnosti Nespodobno povabilo v medijski zakonodaji &#8211; uprava v uredni\u0161tvu Oblastnik pi\u0161e lastniku Med odgovornostmi in pravicami Integriteta, avtonomija in odgovornost v norve\u0161kih medijih Je la\u017eje zamenjati poklic kot delodajalca? Declaration of Duties and Rights of Journalists Switzerland Zalo\u017eni\u0161ka na\u010dela in principi uredni\u0161ke neodvisnosti<\/p>","protected":false},"author":4,"featured_media":0,"parent":0,"menu_order":0,"comment_status":"closed","ping_status":"closed","template":"","meta":{"footnotes":"","_links_to":"","_links_to_target":""},"categories":[],"tags":[],"class_list":["post-19","page","type-page","status-publish","hentry"],"jetpack_sharing_enabled":true,"post_mailing_queue_ids":[],"_links":{"self":[{"href":"https:\/\/sindikat-novinarjev.si\/en\/wp-json\/wp\/v2\/pages\/19","targetHints":{"allow":["GET"]}}],"collection":[{"href":"https:\/\/sindikat-novinarjev.si\/en\/wp-json\/wp\/v2\/pages"}],"about":[{"href":"https:\/\/sindikat-novinarjev.si\/en\/wp-json\/wp\/v2\/types\/page"}],"author":[{"embeddable":true,"href":"https:\/\/sindikat-novinarjev.si\/en\/wp-json\/wp\/v2\/users\/4"}],"replies":[{"embeddable":true,"href":"https:\/\/sindikat-novinarjev.si\/en\/wp-json\/wp\/v2\/comments?post=19"}],"version-history":[{"count":7,"href":"https:\/\/sindikat-novinarjev.si\/en\/wp-json\/wp\/v2\/pages\/19\/revisions"}],"predecessor-version":[{"id":958,"href":"https:\/\/sindikat-novinarjev.si\/en\/wp-json\/wp\/v2\/pages\/19\/revisions\/958"}],"wp:attachment":[{"href":"https:\/\/sindikat-novinarjev.si\/en\/wp-json\/wp\/v2\/media?parent=19"}],"wp:term":[{"taxonomy":"category","embeddable":true,"href":"https:\/\/sindikat-novinarjev.si\/en\/wp-json\/wp\/v2\/categories?post=19"},{"taxonomy":"post_tag","embeddable":true,"href":"https:\/\/sindikat-novinarjev.si\/en\/wp-json\/wp\/v2\/tags?post=19"}],"curies":[{"name":"wp","href":"https:\/\/api.w.org\/{rel}","templated":true}]}}