{"id":2261,"date":"2022-01-28T14:34:15","date_gmt":"2022-01-28T13:34:15","guid":{"rendered":"https:\/\/sindikat-novinarjev.si\/?page_id=2261"},"modified":"2025-02-06T11:00:43","modified_gmt":"2025-02-06T10:00:43","slug":"sodna-praksa","status":"publish","type":"page","link":"https:\/\/sindikat-novinarjev.si\/en\/sodna-praksa\/","title":{"rendered":"POGOSTA PRAVNA VPRA\u0160ANJA"},"content":{"rendered":"<p>Stran bomo dopolnjevali z vpra\u0161anji, ki jih prejmemo od na\u0161ih \u010dlanov, in odgovori, ki lahko prav pridejo tudi drugim.<\/p>\n<p><strong>Ali mora zaposleni v primeru dalj\u0161e bolni\u0161ke odsotnosti vrniti regres, \u010de ne uspe koristiti 10 dni dopusta? <\/strong><\/p>\n<blockquote><p>Pravica do regresa je vezana na delovno razmerje, sorazmerni del regresa se izpla\u010da le v primeru, \u010de delavec pri delodajalcu ni bil zaposlen celo leto. Dalj\u0161i bolni\u0161ki stale\u017e oz. izraba letnega dopusta ne vplivata na vi\u0161ino regresa, kar pomeni, da delavec prejme celoten regres.<\/p><\/blockquote>\n<p><strong>Kaj se zgodi v primeru, da ne uspe koristiti obveznega dela dopusta? Se ta lahko prenese v naslednje leto?<\/strong><\/p>\n<blockquote><p>Delavec mora izkoristiti obvezni del letnega dopusta, \u010de dela in je prisoten na delu, in to na\u010deloma v teko\u010dem letu.\u00a0Obvezni del mora porabiti v koledarskem letu, za preostanek dopusta pa se delavec in delodajalec lahko dogovorita, da ga delavec koristi do 30. junija naslednjega leta. V kolikor obveznega dela ali celotnega letnega dopusta delavec ne izkoristi v teko\u010dem letu zaradi razlogov, na katere delavec ni imel vpliva (bolezen, po\u0161kodba, porodni\u0161ki dopusta ali dopust za nego in varstvo otroka),\u00a0 potem ima pravico letni dopust koristiti do 31. 12. naslednjega leta.<\/p>\n<p>V kolikor delodajalec delavcu ne omogo\u010di izrabe letnega dopusta v teko\u010dem letu, obveznega dela ali preostanka dopusta, pri \u010demer za preostanek dopusta z delavcem ne sklene dogovora o prenosu letnega dopusta do 30. junija naslednjega leta, mora delavcu pla\u010dati od\u0161kodnino za vsak dan neizrabljenega dopusta. Vi\u0161ina od\u0161kodnine se dolo\u010di na podlagi bruto pla\u010de delavca.<\/p><\/blockquote>\n<p><strong>Kako je pravno urejen odmor med delovnim \u010dasom?<\/strong><\/p>\n<blockquote><p>Zakon o delovnih razmerjih v 154. \u010dlenu pravi, da ima med dnevnim delom delavec, ki dela polni delovni \u010das, pravico do odmora, ki traja 30 minut. Dol\u017eina odmora se v primeru neenakomerne razporeditve in za\u010dasne prerazporeditve delovnega \u010dasa dolo\u010di sorazmerno dol\u017eini dnevnega delovnega \u010dasa, \u010das odmora pa se v\u0161teva v delovni \u010das. Hkrati zakon v 217.a \u010dlenu pravi, da se z globo od 1.500 do 4.000 eurov kaznuje delodajalec, \u010de med drugim \u00bbdelavcu ne zagotovi odmora med delovnim \u010dasom, po\u010ditka med zaporednima delovnima dnevoma in tedenskega po\u010ditka\u00ab.<\/p>\n<p>Odmor med delovnim \u010dasom je urejen tudi na evropski ravni, in sicer ga dolo\u010da\u00a0<a href=\"https:\/\/www.iusinfo.si\/zakonodaja\/EU711S3C32003L0088\">Direktiva 2003\/88\/ES o dolo\u010denih vidikih organizacije delovnega \u010dasa (2003\/88\/ES)<\/a>, ki med drugim dolo\u010da, da je treba delavcem zagotoviti \u00bbustrezne odmore\u00ab ter da se podrobnosti, vklju\u010dno s trajanjem in pogoji, pod katerimi je odmor dodeljen, dolo\u010dijo v kolektivnih pogodbah oziroma z nacionalno zakonodajo.<\/p>\n<p>Ve\u010d <a href=\"https:\/\/www.iusinfo.si\/medijsko-sredisce\/v-srediscu\/294925\">TUKAJ<\/a>.<\/p><\/blockquote>","protected":false},"excerpt":{"rendered":"<p>Stran bomo dopolnjevali z vpra\u0161anji, ki jih prejmemo od na\u0161ih \u010dlanov, in odgovori, ki lahko prav pridejo tudi drugim. Ali mora zaposleni v primeru dalj\u0161e bolni\u0161ke odsotnosti vrniti regres, \u010de ne uspe koristiti 10 dni dopusta? Pravica do regresa je vezana na delovno razmerje, sorazmerni del regresa se izpla\u010da le v primeru, \u010de delavec pri delodajalcu ni bil zaposlen celo leto. Dalj\u0161i bolni\u0161ki stale\u017e oz. izraba letnega dopusta ne vplivata na vi\u0161ino regresa, kar pomeni, da delavec prejme celoten regres. Kaj se zgodi v primeru, da ne uspe koristiti obveznega dela dopusta? Se ta lahko prenese v naslednje leto? Delavec mora izkoristiti obvezni del letnega dopusta, \u010de dela in je prisoten na delu, in to na\u010deloma v teko\u010dem letu.\u00a0Obvezni del mora porabiti v koledarskem letu, za preostanek dopusta pa se delavec in delodajalec lahko dogovorita, da ga delavec koristi do 30. junija naslednjega leta. V kolikor obveznega dela ali celotnega letnega dopusta delavec ne izkoristi v teko\u010dem letu zaradi razlogov, na katere delavec ni imel vpliva (bolezen, po\u0161kodba, porodni\u0161ki dopusta ali dopust za nego in varstvo otroka),\u00a0 potem ima pravico letni dopust koristiti do 31. 12. naslednjega leta. V kolikor delodajalec delavcu ne omogo\u010di izrabe letnega dopusta v teko\u010dem letu, obveznega dela ali preostanka dopusta, pri \u010demer za preostanek dopusta z delavcem ne sklene dogovora o prenosu letnega dopusta do 30. junija naslednjega leta, mora delavcu pla\u010dati od\u0161kodnino za vsak dan neizrabljenega dopusta. Vi\u0161ina od\u0161kodnine se dolo\u010di na podlagi bruto pla\u010de delavca. Kako je pravno urejen odmor med delovnim \u010dasom? Zakon o delovnih razmerjih v 154. \u010dlenu pravi, da ima med dnevnim delom delavec, ki dela polni delovni \u010das, pravico do odmora, ki traja 30 minut. Dol\u017eina odmora se v primeru neenakomerne razporeditve in za\u010dasne prerazporeditve delovnega \u010dasa dolo\u010di sorazmerno dol\u017eini dnevnega delovnega \u010dasa, \u010das odmora pa se v\u0161teva v delovni \u010das. Hkrati zakon v 217.a \u010dlenu pravi, da se z globo od 1.500 do 4.000 eurov kaznuje delodajalec, \u010de med drugim \u00bbdelavcu ne zagotovi odmora med delovnim \u010dasom, po\u010ditka med zaporednima delovnima dnevoma in tedenskega po\u010ditka\u00ab. Odmor med delovnim \u010dasom je urejen tudi na evropski ravni, in sicer ga dolo\u010da\u00a0Direktiva 2003\/88\/ES o dolo\u010denih vidikih organizacije delovnega \u010dasa (2003\/88\/ES), ki med drugim dolo\u010da, da je treba delavcem zagotoviti \u00bbustrezne odmore\u00ab ter da se podrobnosti, vklju\u010dno s trajanjem in pogoji, pod katerimi je odmor dodeljen, dolo\u010dijo v kolektivnih pogodbah oziroma z nacionalno zakonodajo. Ve\u010d TUKAJ.<\/p>","protected":false},"author":5,"featured_media":0,"parent":0,"menu_order":0,"comment_status":"closed","ping_status":"closed","template":"","meta":{"footnotes":"","_links_to":"","_links_to_target":""},"categories":[],"tags":[],"class_list":["post-2261","page","type-page","status-publish","hentry"],"jetpack_sharing_enabled":true,"post_mailing_queue_ids":[],"_links":{"self":[{"href":"https:\/\/sindikat-novinarjev.si\/en\/wp-json\/wp\/v2\/pages\/2261","targetHints":{"allow":["GET"]}}],"collection":[{"href":"https:\/\/sindikat-novinarjev.si\/en\/wp-json\/wp\/v2\/pages"}],"about":[{"href":"https:\/\/sindikat-novinarjev.si\/en\/wp-json\/wp\/v2\/types\/page"}],"author":[{"embeddable":true,"href":"https:\/\/sindikat-novinarjev.si\/en\/wp-json\/wp\/v2\/users\/5"}],"replies":[{"embeddable":true,"href":"https:\/\/sindikat-novinarjev.si\/en\/wp-json\/wp\/v2\/comments?post=2261"}],"version-history":[{"count":7,"href":"https:\/\/sindikat-novinarjev.si\/en\/wp-json\/wp\/v2\/pages\/2261\/revisions"}],"predecessor-version":[{"id":3653,"href":"https:\/\/sindikat-novinarjev.si\/en\/wp-json\/wp\/v2\/pages\/2261\/revisions\/3653"}],"wp:attachment":[{"href":"https:\/\/sindikat-novinarjev.si\/en\/wp-json\/wp\/v2\/media?parent=2261"}],"wp:term":[{"taxonomy":"category","embeddable":true,"href":"https:\/\/sindikat-novinarjev.si\/en\/wp-json\/wp\/v2\/categories?post=2261"},{"taxonomy":"post_tag","embeddable":true,"href":"https:\/\/sindikat-novinarjev.si\/en\/wp-json\/wp\/v2\/tags?post=2261"}],"curies":[{"name":"wp","href":"https:\/\/api.w.org\/{rel}","templated":true}]}}