{"id":275,"date":"2015-08-26T12:42:31","date_gmt":"2015-08-26T10:42:31","guid":{"rendered":"https:\/\/sindikat-novinarjev.si\/?page_id=275"},"modified":"2018-02-28T21:21:04","modified_gmt":"2018-02-28T20:21:04","slug":"kolektivna-pogodba","status":"publish","type":"page","link":"https:\/\/sindikat-novinarjev.si\/en\/kolektivna-pogodba\/","title":{"rendered":"Kolektivna pogodba"},"content":{"rendered":"<p>Konec leta 1991 je stopila v veljavo <strong>kolektivna pogodba za poklicne novinarje<\/strong> (KPPN), ki so jo takrat v imenu delodajalcev podpisali Gospodarska zbornica Slovenije \u2013 Sekcija za tisk kot zastopnica delodajalcev \u010dasopisno-informativne in zalo\u017eni\u0161ke dejavnosti, Svet RTV Slovenija in Zdru\u017eenje radijskih postaj Slovenije ter Sindikat novinarjev Slovenije v imenu delojemalcev.<\/p>\n<p>Ta pogodba velja za novinarke in novinarje ter urednice in urednike, zaposlene pri delodajalcu \u010dasopisno-informativne dejavnosti, radia in televizije, ne glede na to, ali so sklenili delovno razmerje za dolo\u010den ali nedolo\u010den \u010das, s polnim ali skraj\u0161anim delovnim \u010dasom. Ta pogodba velja tudi za svobodne novinarje in \u0161tudente na praksi, ki se usposabljajo za novinarski poklic.<\/p>\n<p>Besedilo KPPN je objavljeno na <a href=\"https:\/\/www.uradni-list.si\/1\/content?id=61483\" target=\"_blank\">spletnih straneh<\/a> Uradnega lista, na voljo pa so tudi <a href=\"http:\/\/www.pisrs.si\/Pis.web\/pregledPredpisa?id=KOLP49\" target=\"_blank\">neuradno pre\u010di\u0161\u010deno besedilo<\/a> ter <a href=\"https:\/\/sindikat-novinarjev.si\/wp-content\/uploads\/Aneks-2008.pdf\" target=\"_blank\">aneks <\/a>iz leta 2008 in <a href=\"https:\/\/sindikat-novinarjev.si\/wp-content\/uploads\/Aneks-2014.pdf\" target=\"_blank\">aneks <\/a>iz leta 2014.<\/p>","protected":false},"excerpt":{"rendered":"<p>Konec leta 1991 je stopila v veljavo kolektivna pogodba za poklicne novinarje (KPPN), ki so jo takrat v imenu delodajalcev podpisali Gospodarska zbornica Slovenije \u2013 Sekcija za tisk kot zastopnica delodajalcev \u010dasopisno-informativne in zalo\u017eni\u0161ke dejavnosti, Svet RTV Slovenija in Zdru\u017eenje radijskih postaj Slovenije ter Sindikat novinarjev Slovenije v imenu delojemalcev. Ta pogodba velja za novinarke in novinarje ter urednice in urednike, zaposlene pri delodajalcu \u010dasopisno-informativne dejavnosti, radia in televizije, ne glede na to, ali so sklenili delovno razmerje za dolo\u010den ali nedolo\u010den \u010das, s polnim ali skraj\u0161anim delovnim \u010dasom. Ta pogodba velja tudi za svobodne novinarje in \u0161tudente na praksi, ki se usposabljajo za novinarski poklic. Besedilo KPPN je objavljeno na spletnih straneh Uradnega lista, na voljo pa so tudi neuradno pre\u010di\u0161\u010deno besedilo ter aneks iz leta 2008 in aneks iz leta 2014.<\/p>","protected":false},"author":4,"featured_media":0,"parent":0,"menu_order":0,"comment_status":"closed","ping_status":"closed","template":"","meta":{"footnotes":"","_links_to":"","_links_to_target":""},"categories":[],"tags":[],"class_list":["post-275","page","type-page","status-publish","hentry"],"jetpack_sharing_enabled":true,"post_mailing_queue_ids":[],"_links":{"self":[{"href":"https:\/\/sindikat-novinarjev.si\/en\/wp-json\/wp\/v2\/pages\/275","targetHints":{"allow":["GET"]}}],"collection":[{"href":"https:\/\/sindikat-novinarjev.si\/en\/wp-json\/wp\/v2\/pages"}],"about":[{"href":"https:\/\/sindikat-novinarjev.si\/en\/wp-json\/wp\/v2\/types\/page"}],"author":[{"embeddable":true,"href":"https:\/\/sindikat-novinarjev.si\/en\/wp-json\/wp\/v2\/users\/4"}],"replies":[{"embeddable":true,"href":"https:\/\/sindikat-novinarjev.si\/en\/wp-json\/wp\/v2\/comments?post=275"}],"version-history":[{"count":4,"href":"https:\/\/sindikat-novinarjev.si\/en\/wp-json\/wp\/v2\/pages\/275\/revisions"}],"predecessor-version":[{"id":988,"href":"https:\/\/sindikat-novinarjev.si\/en\/wp-json\/wp\/v2\/pages\/275\/revisions\/988"}],"wp:attachment":[{"href":"https:\/\/sindikat-novinarjev.si\/en\/wp-json\/wp\/v2\/media?parent=275"}],"wp:term":[{"taxonomy":"category","embeddable":true,"href":"https:\/\/sindikat-novinarjev.si\/en\/wp-json\/wp\/v2\/categories?post=275"},{"taxonomy":"post_tag","embeddable":true,"href":"https:\/\/sindikat-novinarjev.si\/en\/wp-json\/wp\/v2\/tags?post=275"}],"curies":[{"name":"wp","href":"https:\/\/api.w.org\/{rel}","templated":true}]}}