{"id":3280,"date":"2023-05-30T12:02:09","date_gmt":"2023-05-30T10:02:09","guid":{"rendered":"https:\/\/sindikat-novinarjev.si\/?page_id=3280"},"modified":"2023-05-30T12:06:25","modified_gmt":"2023-05-30T10:06:25","slug":"sindikalna-brosura","status":"publish","type":"page","link":"https:\/\/sindikat-novinarjev.si\/en\/sindikalna-brosura\/","title":{"rendered":"Sindikalna Bro\u0161ura"},"content":{"rendered":"<div data-elementor-type=\"wp-page\" data-elementor-id=\"3280\" class=\"elementor elementor-3280\" data-elementor-post-type=\"page\">\n\t\t\t\t\t\t<section class=\"elementor-section elementor-top-section elementor-element elementor-element-8d703f1 elementor-section-boxed elementor-section-height-default elementor-section-height-default\" data-id=\"8d703f1\" data-element_type=\"section\" data-settings=\"{&quot;_ha_eqh_enable&quot;:false}\">\n\t\t\t\t\t\t<div class=\"elementor-container elementor-column-gap-default\">\n\t\t\t\t\t<div class=\"elementor-column elementor-col-100 elementor-top-column elementor-element elementor-element-a06b269\" data-id=\"a06b269\" data-element_type=\"column\">\n\t\t\t<div class=\"elementor-widget-wrap elementor-element-populated\">\n\t\t\t\t\t\t<div class=\"elementor-element elementor-element-b976338 elementor-grid-1 elementor-posts--thumbnail-none elementor-grid-tablet-2 elementor-grid-mobile-1 elementor-card-shadow-yes elementor-posts__hover-gradient elementor-widget elementor-widget-posts\" data-id=\"b976338\" data-element_type=\"widget\" data-settings=\"{&quot;cards_columns&quot;:&quot;1&quot;,&quot;cards_columns_tablet&quot;:&quot;2&quot;,&quot;cards_columns_mobile&quot;:&quot;1&quot;,&quot;cards_row_gap&quot;:{&quot;unit&quot;:&quot;px&quot;,&quot;size&quot;:35,&quot;sizes&quot;:[]},&quot;cards_row_gap_tablet&quot;:{&quot;unit&quot;:&quot;px&quot;,&quot;size&quot;:&quot;&quot;,&quot;sizes&quot;:[]},&quot;cards_row_gap_mobile&quot;:{&quot;unit&quot;:&quot;px&quot;,&quot;size&quot;:&quot;&quot;,&quot;sizes&quot;:[]}}\" data-widget_type=\"posts.cards\">\n\t\t\t\t<div class=\"elementor-widget-container\">\n\t\t\t\t\t<div class=\"elementor-posts-container elementor-posts elementor-posts--skin-cards elementor-grid\">\n\t\t\t\t<article class=\"elementor-post elementor-grid-item post-3169 post type-post status-publish format-standard hentry category-brosura category-novice\">\n\t\t\t<div class=\"elementor-post__card\">\n\t\t\t\t<div class=\"elementor-post__text\">\n\t\t\t\t<h3 class=\"elementor-post__title\">\n\t\t\t<a href=\"https:\/\/sindikat-novinarjev.si\/en\/polozaj-medijskih-delavcev-1-del-malo-nor-moras-biti-da-si-novinar-kapo-dol-vsem-ki-vztrajajo\/\" >\n\t\t\t\tPolo\u017eaj medijskih delavcev, 1. del: \u201cMalo mora\u0161 biti nor, da si novinar. Kapo dol vsem, ki vztrajajo\u201d\t\t\t<\/a>\n\t\t<\/h3>\n\t\t\t\t<div class=\"elementor-post__excerpt\">\n\t\t\t<p>AVTORICA: ANA LAH V Sindikatu novinarjem Slovenije za\u010denjamo serijo \u010dlankov, ki nastajajo v okviru projekta Opolnomo\u010denje sindikata za pripravo nove kolektivne pogodbe. Ker bo slednja pomembno vplivala na polo\u017eaj medijskih delavcev, je nujno, da pred kon\u010dno obliko odpremo dialog. Kot je dejala ena od sogovornic, novinarka Kristina Bo\u017ei\u010d: \u201cProces oblikovanja kolektivne pogodbe bi moral biti demokrati\u010dno zapeljan. Skupnost medijskih delavk in delavcev bi se morala povezati. Prepoznati bi morali, kako na koga dolo\u010deni ukrepi vplivajo. Pogovarjajmo se o tem, kaj si \u017eelimo, kak\u0161nih pogojev, katerih pogodb. Dokumenti sami zase ne pomenijo ni\u010d, \u010de nikomur ni mar zanje.\u201d\u00a0 Odpravili smo se<\/p>\n\t\t<\/div>\n\t\t\n\t\t<a class=\"elementor-post__read-more\" href=\"https:\/\/sindikat-novinarjev.si\/en\/polozaj-medijskih-delavcev-1-del-malo-nor-moras-biti-da-si-novinar-kapo-dol-vsem-ki-vztrajajo\/\" aria-label=\"Read more about Polo\u017eaj medijskih delavcev, 1. del: \u201cMalo mora\u0161 biti nor, da si novinar. Kapo dol vsem, ki vztrajajo\u201d\" tabindex=\"-1\" >\n\t\t\tPreberi ve\u010d \u00bb\t\t<\/a>\n\n\t\t\t\t<\/div>\n\t\t\t\t<div class=\"elementor-post__meta-data\">\n\t\t\t\t\t<span class=\"elementor-post-date\">\n\t\t\t14. 4. 2023\t\t<\/span>\n\t\t\t\t<span class=\"elementor-post-avatar\">\n\t\t\tNo Comments\t\t<\/span>\n\t\t\t\t<\/div>\n\t\t\t\t\t<\/div>\n\t\t<\/article>\n\t\t\t\t<article class=\"elementor-post elementor-grid-item post-3175 post type-post status-publish format-standard hentry category-brosura category-novice\">\n\t\t\t<div class=\"elementor-post__card\">\n\t\t\t\t<div class=\"elementor-post__text\">\n\t\t\t\t<h3 class=\"elementor-post__title\">\n\t\t\t<a href=\"https:\/\/sindikat-novinarjev.si\/en\/polozaj-medijskih-delavcev-2-del-neperspektivnost-novinarstva\/\" >\n\t\t\t\tPolo\u017eaj medijskih delavcev, 2. del: (Ne)perspektivnost novinarstva\t\t\t<\/a>\n\t\t<\/h3>\n\t\t\t\t<div class=\"elementor-post__excerpt\">\n\t\t\t<p>AVTORICA: ANA LAH Pred vami je drugi \u010dlanek v seriji prispevkov, ki jih v Sindikatu novinarjev Slovenije pripravljamo v okviru projekta Opolnomo\u010denje sindikata za pripravo nove kolektivne pogodbe. V za\u010detnem delu serije odpiramo dialog z medijskimi delavkami in delavci in sku\u0161amo kar se da natan\u010dno predstaviti pogoje dela v medijih.\u00a0 Prvi \u010dlanek si lahko preberete TUKAJ.\u00a0 Mlaj\u0161i novinar je steber RTV-ja Naj za za\u010detek opi\u0161emo polo\u017eaj tistih, ki so (relativno) na za\u010detku svoje kariere. Matej Simi\u010d je v \u010dasu \u0161tudija novinarstva na Fakulteti za dru\u017ebene vede v razli\u010dnih \u010dasovnih obdobjih delal na Radiu Brezje, BKTV, Planet TV, na portalu O\u0161tro,<\/p>\n\t\t<\/div>\n\t\t\n\t\t<a class=\"elementor-post__read-more\" href=\"https:\/\/sindikat-novinarjev.si\/en\/polozaj-medijskih-delavcev-2-del-neperspektivnost-novinarstva\/\" aria-label=\"Read more about Polo\u017eaj medijskih delavcev, 2. del: (Ne)perspektivnost novinarstva\" tabindex=\"-1\" >\n\t\t\tPreberi ve\u010d \u00bb\t\t<\/a>\n\n\t\t\t\t<\/div>\n\t\t\t\t<div class=\"elementor-post__meta-data\">\n\t\t\t\t\t<span class=\"elementor-post-date\">\n\t\t\t19. 4. 2023\t\t<\/span>\n\t\t\t\t<span class=\"elementor-post-avatar\">\n\t\t\tNo Comments\t\t<\/span>\n\t\t\t\t<\/div>\n\t\t\t\t\t<\/div>\n\t\t<\/article>\n\t\t\t\t<article class=\"elementor-post elementor-grid-item post-3189 post type-post status-publish format-standard hentry category-brosura category-novice\">\n\t\t\t<div class=\"elementor-post__card\">\n\t\t\t\t<div class=\"elementor-post__text\">\n\t\t\t\t<h3 class=\"elementor-post__title\">\n\t\t\t<a href=\"https:\/\/sindikat-novinarjev.si\/en\/polozaj-medijskih-delavcev-3-del-dvigujemo-nivo-a-nas-imajo-za-strosek\/\" >\n\t\t\t\tPolo\u017eaj medijskih delavcev 3. del: &#8220;Dvigujemo nivo, a nas imajo za stro\u0161ek&#8221;\t\t\t<\/a>\n\t\t<\/h3>\n\t\t\t\t<div class=\"elementor-post__excerpt\">\n\t\t\t<p>AVTORICA: ANA LAH Pred vami je tretji \u010dlanek v seriji prispevkov, ki jih v Sindikatu novinarjev Slovenije pripravljamo v okviru projekta Opolnomo\u010denje sindikata za pripravo nove kolektivne pogodbe. V tokratnem na temo pogojev medijskih delavk in delavcev smo se pogovarjali s fotoreporterjem, garderoberko, organizatorko in pomo\u010dnico v fotouredni\u0161tvu, tonskim mojstrom in lektorico.\u00a0 Prva dva \u010dlanka sta na voljo tukaj: Polo\u017eaj medijskih delavcev, 1. del: &#8220;Malo mora\u0161 biti nor, da si novinar. Kapo dol vsem, ki vztrajajo&#8221; Polo\u017eaj medijskih delavcev, 2. del: (Ne)perspektivnost novinarstva &nbsp; Fotoreporter: Neko\u010d si \u017eelim \u017eiveti samo od fotoreporterstva \u201cOd nekdaj sem si \u017eelel fotografirati za medije,\u201d<\/p>\n\t\t<\/div>\n\t\t\n\t\t<a class=\"elementor-post__read-more\" href=\"https:\/\/sindikat-novinarjev.si\/en\/polozaj-medijskih-delavcev-3-del-dvigujemo-nivo-a-nas-imajo-za-strosek\/\" aria-label=\"Read more about Polo\u017eaj medijskih delavcev 3. del: &#8220;Dvigujemo nivo, a nas imajo za stro\u0161ek&#8221;\" tabindex=\"-1\" >\n\t\t\tPreberi ve\u010d \u00bb\t\t<\/a>\n\n\t\t\t\t<\/div>\n\t\t\t\t<div class=\"elementor-post__meta-data\">\n\t\t\t\t\t<span class=\"elementor-post-date\">\n\t\t\t24. 4. 2023\t\t<\/span>\n\t\t\t\t<span class=\"elementor-post-avatar\">\n\t\t\tNo Comments\t\t<\/span>\n\t\t\t\t<\/div>\n\t\t\t\t\t<\/div>\n\t\t<\/article>\n\t\t\t\t<article class=\"elementor-post elementor-grid-item post-3265 post type-post status-publish format-standard hentry category-brosura category-novice\">\n\t\t\t<div class=\"elementor-post__card\">\n\t\t\t\t<div class=\"elementor-post__text\">\n\t\t\t\t<h3 class=\"elementor-post__title\">\n\t\t\t<a href=\"https:\/\/sindikat-novinarjev.si\/en\/polozaj-medijskih-delavcev-4-del-kolektivna-pogodba-skozi-cas\/\" >\n\t\t\t\tPolo\u017eaj medijskih delavcev, 4. del: Kolektivna pogodba skozi \u010das\t\t\t<\/a>\n\t\t<\/h3>\n\t\t\t\t<div class=\"elementor-post__excerpt\">\n\t\t\t<p>AVTORICA: ANA LAH Pred vami je \u010detrti \u010dlanek v seriji prispevkov, ki jih v Sindikatu novinarjev Slovenije pripravljamo v okviru projekta Opolnomo\u010denje sindikata za pripravo nove kolektivne pogodbe. Po pogovorih z medijskimi delavci o njihovem polo\u017eaju se v pri\u010dujo\u010dem prispevku lotevamo zgodovinskega pregleda vzpostavljanja nacionalne kolektivne pogodbe. \u017de od ustanovitve prvih novinarskih sindikatov leta 1989 in ustanovitve Sindikata novinarjev Slovenije 1990 je slednja v ospredju prizadevanj sindikata. Prvo kolektivno pogodbo za poklicne novinarje so uveljavili leta 1991, a ta danes velja samo \u0161e za javno RTV.\u00a0 Zakaj nacionalna kolektivna pogodba ne velja za ostale medije? Kako se je polo\u017eaj novinarjev<\/p>\n\t\t<\/div>\n\t\t\n\t\t<a class=\"elementor-post__read-more\" href=\"https:\/\/sindikat-novinarjev.si\/en\/polozaj-medijskih-delavcev-4-del-kolektivna-pogodba-skozi-cas\/\" aria-label=\"Read more about Polo\u017eaj medijskih delavcev, 4. del: Kolektivna pogodba skozi \u010das\" tabindex=\"-1\" >\n\t\t\tPreberi ve\u010d \u00bb\t\t<\/a>\n\n\t\t\t\t<\/div>\n\t\t\t\t<div class=\"elementor-post__meta-data\">\n\t\t\t\t\t<span class=\"elementor-post-date\">\n\t\t\t29. 5. 2023\t\t<\/span>\n\t\t\t\t<span class=\"elementor-post-avatar\">\n\t\t\tNo Comments\t\t<\/span>\n\t\t\t\t<\/div>\n\t\t\t\t\t<\/div>\n\t\t<\/article>\n\t\t\t\t<article class=\"elementor-post elementor-grid-item post-3267 post type-post status-publish format-standard hentry category-brosura category-novice\">\n\t\t\t<div class=\"elementor-post__card\">\n\t\t\t\t<div class=\"elementor-post__text\">\n\t\t\t\t<h3 class=\"elementor-post__title\">\n\t\t\t<a href=\"https:\/\/sindikat-novinarjev.si\/en\/polozaj-medijskih-delavcev-5-del\/\" >\n\t\t\t\tPolo\u017eaj medijskih delavcev, 5. del: Imamo mo\u017enost, ki se je preredko poslu\u017eujemo. Mo\u010d stavke.\u00a0\t\t\t<\/a>\n\t\t<\/h3>\n\t\t\t\t<div class=\"elementor-post__excerpt\">\n\t\t\t<p>AVTORICA: ANA LAH Pred vami je peti oz. zadnji \u010dlanek v seriji prispevkov, ki jih v Sindikatu novinarjev Slovenije pripravljamo v okviru projekta Opolnomo\u010denje sindikata za pripravo nove kolektivne pogodbe. Zgodovino kolektivne pogodbe za poklicne novinarje in spreminjanje polo\u017eaja medijskih delavcev skozi \u010das smo opisali v prej\u0161njem \u010dlanku. V zadnjem \u010dlanku serije razprav o pogojih dela medijskih delavcev in oblikovanju nove kolektivne pogodbe smo se pogovarjali s sindikalistkami nekaterih ve\u010djih medijev, direktorjem Slovenske tiskovne agencije in predsednico Dru\u0161tva novinarjev Slovenije. S kak\u0161nimi te\u017eavami se soo\u010dajo delavci v posameznih medijih in ali pri njih izvaja kolektivna pogodba?\u00a0 Na RTV ni socialnega<\/p>\n\t\t<\/div>\n\t\t\n\t\t<a class=\"elementor-post__read-more\" href=\"https:\/\/sindikat-novinarjev.si\/en\/polozaj-medijskih-delavcev-5-del\/\" aria-label=\"Read more about Polo\u017eaj medijskih delavcev, 5. del: Imamo mo\u017enost, ki se je preredko poslu\u017eujemo. Mo\u010d stavke.\u00a0\" tabindex=\"-1\" >\n\t\t\tPreberi ve\u010d \u00bb\t\t<\/a>\n\n\t\t\t\t<\/div>\n\t\t\t\t<div class=\"elementor-post__meta-data\">\n\t\t\t\t\t<span class=\"elementor-post-date\">\n\t\t\t30. 5. 2023\t\t<\/span>\n\t\t\t\t<span class=\"elementor-post-avatar\">\n\t\t\tNo Comments\t\t<\/span>\n\t\t\t\t<\/div>\n\t\t\t\t\t<\/div>\n\t\t<\/article>\n\t\t\t\t<\/div>\n\t\t\n\t\t\t\t<\/div>\n\t\t\t\t<\/div>\n\t\t\t\t\t<\/div>\n\t\t<\/div>\n\t\t\t\t\t<\/div>\n\t\t<\/section>\n\t\t\t\t<\/div>","protected":false},"excerpt":{"rendered":"","protected":false},"author":6,"featured_media":0,"parent":0,"menu_order":0,"comment_status":"closed","ping_status":"closed","template":"","meta":{"footnotes":"","_links_to":"","_links_to_target":""},"categories":[],"tags":[],"class_list":["post-3280","page","type-page","status-publish","hentry"],"jetpack_sharing_enabled":true,"post_mailing_queue_ids":[],"_links":{"self":[{"href":"https:\/\/sindikat-novinarjev.si\/en\/wp-json\/wp\/v2\/pages\/3280","targetHints":{"allow":["GET"]}}],"collection":[{"href":"https:\/\/sindikat-novinarjev.si\/en\/wp-json\/wp\/v2\/pages"}],"about":[{"href":"https:\/\/sindikat-novinarjev.si\/en\/wp-json\/wp\/v2\/types\/page"}],"author":[{"embeddable":true,"href":"https:\/\/sindikat-novinarjev.si\/en\/wp-json\/wp\/v2\/users\/6"}],"replies":[{"embeddable":true,"href":"https:\/\/sindikat-novinarjev.si\/en\/wp-json\/wp\/v2\/comments?post=3280"}],"version-history":[{"count":7,"href":"https:\/\/sindikat-novinarjev.si\/en\/wp-json\/wp\/v2\/pages\/3280\/revisions"}],"predecessor-version":[{"id":3288,"href":"https:\/\/sindikat-novinarjev.si\/en\/wp-json\/wp\/v2\/pages\/3280\/revisions\/3288"}],"wp:attachment":[{"href":"https:\/\/sindikat-novinarjev.si\/en\/wp-json\/wp\/v2\/media?parent=3280"}],"wp:term":[{"taxonomy":"category","embeddable":true,"href":"https:\/\/sindikat-novinarjev.si\/en\/wp-json\/wp\/v2\/categories?post=3280"},{"taxonomy":"post_tag","embeddable":true,"href":"https:\/\/sindikat-novinarjev.si\/en\/wp-json\/wp\/v2\/tags?post=3280"}],"curies":[{"name":"wp","href":"https:\/\/api.w.org\/{rel}","templated":true}]}}