{"id":46,"date":"2015-05-29T13:46:45","date_gmt":"2015-05-29T11:46:45","guid":{"rendered":"https:\/\/sindikat-novinarjev.si\/?page_id=46"},"modified":"2024-06-21T15:27:31","modified_gmt":"2024-06-21T13:27:31","slug":"organizacija-sns","status":"publish","type":"page","link":"https:\/\/sindikat-novinarjev.si\/en\/organizacija-sns\/","title":{"rendered":"Organizacija SNS"},"content":{"rendered":"<p><strong>Skup\u0161\u010dina SNS<\/strong><br \/>\nSkup\u0161\u010dina SNS je najvi\u0161ji organ, ki sprejema statut SNS in njegove spremembe ter delovni program SNS. Voli ter razre\u0161uje predsednika in podpredsednika ter druge organe SNS, potrjuje sestavo izvr\u0161nega odbora<strong><em>, <\/em><\/strong>ki jo predlagajo sindikalne skupine, obravnava poro\u010dila organov SNS in strokovnih slu\u017eb ter sprejema finan\u010dni na\u010drt, letno finan\u010dno poro\u010dilo ter programske usmeritve SNS. Poleg tega odlo\u010da o vi\u0161ini \u010dlanarine, razdelilniku delitve in povezovanju z drugimi sindikati.<\/p>\n<p><strong>predsednica SNS<\/strong><br \/>\nAlenka Poto\u010dnik (STA)<br \/>\n<a href=\"mailto:glavni.tajnik@sindikat-novinarjev.si\">predsednica@sindikat-novinarjev.si<\/a><\/p>\n<p><strong>podpredsednica SNS<br \/>\n<\/strong>Ana Sven\u0161ek (MMC RTVS)<\/p>\n<p><strong>Pisarna SNS<\/strong><\/p>\n<p>Mojca Zabukovec<br \/>\n<a href=\"mailto:glavni.tajnik@sindikat-novinarjev.si\">glavni.tajnik@sindikat-novinarjev.si<\/a><\/p>\n<p>Tajnica<br \/>\nMarija Penca<br \/>\n<a class=\"moz-txt-link-abbreviated\" href=\"mailto:info@sindikat-novinarjev.si\" rel=\"noreferrer\">info@sindikat-novinarjev.si<\/a><\/p>\n<p><strong>Izvr\u0161ni odbor<br \/>\n<\/strong>Alenka Poto\u010dnik (predsednica, STA)<br \/>\nAna Sven\u0161ek (podpredsednica)<br \/>\nBranka Bezjak (Ve\u010der)<br \/>\nAn\u017ee Lebinger (Dnevnik)<br \/>\nHelena Milinkovi\u0107 (RTVS, TVS)<br \/>\nAndreja \u017dibret Ifko (Delo)<br \/>\nAna Bu\u010dar (RTVS, RC Maribor)<br \/>\nLidija Cokan (RTVS, RS)<br \/>\nSabina Francek Ivovi\u0107 (RTVS, RC Koper)\/ Mateja Bre\u017ean (RTVS, RC Koper)<br \/>\nNives Krebelj (Primorske novice)<\/p>\n<p><strong>Sindikalni zaupniki<\/strong><br \/>\n<strong>DELO<\/strong>: Andreja \u017dibret Ifko<br \/>\n<strong>SALOMON<\/strong>:<br \/>\n<strong>POMURSKI MAD\u017dARSKI RADIO LENDAVA<\/strong>: Eva Bukovec<br \/>\n<strong>PRIMORSKE NOVICE<\/strong>: Alenka O\u017ebot Klan\u010di\u010d<br \/>\n<strong>RADIO SLOVENIJA<\/strong>:\u00a0Lidija Cokan<br \/>\n<strong>RADIO TEDNIK PTUJ<\/strong>: Martin Ozmec<br \/>\n<strong>REGIONALNI RTV CENTER KOPER \u2013 CAPODISTRIA<\/strong>: Sabina Francek Ivovi\u0107<br \/>\n<strong>REGIONALNI RTV CENTER MARIBOR<\/strong>: Ana Bu\u010dar<br \/>\n<strong>SLOVENSKA TISKOVNA AGENCIJA<\/strong>: Alenka Poto\u010dnik<br \/>\n<strong>TV SLOVENIJA<\/strong>: Helena Milinkovi\u0107<br \/>\n<strong>VE\u010cER<\/strong>:\u00a0Branka Bezjak<br \/>\n<strong>DNEVNIK<\/strong>: An\u017ee Lebinger<\/p>\n<p><strong>Samostojni in svobodni novinarji<\/strong><\/p>\n<p><strong>Koordinacija novinarskih sindikatov RTVS<\/strong><\/p>\n<p>Helena Milinkovi\u0107 (RTVS, TVS)<br \/>\nFranci Pav\u0161er (RTVS, RS)<br \/>\n\u0160pela Novak (RTVS, RS)<br \/>\nLidija Cokan (RTVS, RC Maribor)<br \/>\nSabina Francek Ivovi\u0107 (RTVS, RC Koper)<\/p>\n<p><strong>Nadzorni odbor<\/strong><br \/>\nDejan Juravi\u0107<br \/>\nMatej Luzar<br \/>\nSimona Slana<\/p>\n<p><strong>Komisija za vloge in prito\u017ebe<\/strong><br \/>\nVeronika \u017dajdela Kostanjevec<br \/>\nZdenko Matoz<br \/>\nUro\u0161 \u0160kerl Kramberger<\/p>\n<p><strong>Statutarna komisija<\/strong><br \/>\nIgor Selan<br \/>\nSimona Fajfar<br \/>\nJanez Kru\u0161i\u010d<br \/>\nVesna Rojko<br \/>\nGorazd Utenkar<\/p>\n<p><strong>Novinarsko \u010dastno razsodi\u0161\u010de, skupni organ DNS in SNS<br \/>\n<\/strong><br \/>\nTatjana Pirc (Radio Slovenija), predsednica<br \/>\nBrane Piano (upokojeni novinar), podpredsednik<br \/>\nRanka Ivelja (Dnevnik)<br \/>\nSonja Merljak Zdovc (\u010casoris)<br \/>\nJure Tepina (24ur.com)<br \/>\nIgor Vobi\u010d (predstavnik javnosti)<br \/>\nManica J. Ambro\u017ei\u010d (Televizija Slovenija)<br \/>\nNata\u0161a \u0160tefe (Val 202)<br \/>\nVanja Tekavec (STA)<br \/>\nDamijana \u017di\u0161t (Ve\u010der)<br \/>\nPeter Merc (predstavnik javnosti)<\/p>\n<p><strong>Pravno svetovanje<\/strong><br \/>\nPravno svetovanje zagotavljajo pisarna SNS, Sandra Cico in drugi pravniki, izbrani glede na naravo dela.<\/p>","protected":false},"excerpt":{"rendered":"<p>Skup\u0161\u010dina SNS Skup\u0161\u010dina SNS je najvi\u0161ji organ, ki sprejema statut SNS in njegove spremembe ter delovni program SNS. Voli ter razre\u0161uje predsednika in podpredsednika ter druge organe SNS, potrjuje sestavo izvr\u0161nega odbora, ki jo predlagajo sindikalne skupine, obravnava poro\u010dila organov SNS in strokovnih slu\u017eb ter sprejema finan\u010dni na\u010drt, letno finan\u010dno poro\u010dilo ter programske usmeritve SNS. Poleg tega odlo\u010da o vi\u0161ini \u010dlanarine, razdelilniku delitve in povezovanju z drugimi sindikati. predsednica SNS Alenka Poto\u010dnik (STA) predsednica@sindikat-novinarjev.si podpredsednica SNS Ana Sven\u0161ek (MMC RTVS) Pisarna SNS Mojca Zabukovec glavni.tajnik@sindikat-novinarjev.si Tajnica Marija Penca info@sindikat-novinarjev.si Izvr\u0161ni odbor Alenka Poto\u010dnik (predsednica, STA) Ana Sven\u0161ek (podpredsednica) Branka Bezjak (Ve\u010der) An\u017ee Lebinger (Dnevnik) Helena Milinkovi\u0107 (RTVS, TVS) Andreja \u017dibret Ifko (Delo) Ana Bu\u010dar (RTVS, RC Maribor) Lidija Cokan (RTVS, RS) Sabina Francek Ivovi\u0107 (RTVS, RC Koper)\/ Mateja Bre\u017ean (RTVS, RC Koper) Nives Krebelj (Primorske novice) Sindikalni zaupniki DELO: Andreja \u017dibret Ifko SALOMON: POMURSKI MAD\u017dARSKI RADIO LENDAVA: Eva Bukovec PRIMORSKE NOVICE: Alenka O\u017ebot Klan\u010di\u010d RADIO SLOVENIJA:\u00a0Lidija Cokan RADIO TEDNIK PTUJ: Martin Ozmec REGIONALNI RTV CENTER KOPER \u2013 CAPODISTRIA: Sabina Francek Ivovi\u0107 REGIONALNI RTV CENTER MARIBOR: Ana Bu\u010dar SLOVENSKA TISKOVNA AGENCIJA: Alenka Poto\u010dnik TV SLOVENIJA: Helena Milinkovi\u0107 VE\u010cER:\u00a0Branka Bezjak DNEVNIK: An\u017ee Lebinger Samostojni in svobodni novinarji Koordinacija novinarskih sindikatov RTVS Helena Milinkovi\u0107 (RTVS, TVS) Franci Pav\u0161er (RTVS, RS) \u0160pela Novak (RTVS, RS) Lidija Cokan (RTVS, RC Maribor) Sabina Francek Ivovi\u0107 (RTVS, RC Koper) Nadzorni odbor Dejan Juravi\u0107 Matej Luzar Simona Slana Komisija za vloge in prito\u017ebe Veronika \u017dajdela Kostanjevec Zdenko Matoz Uro\u0161 \u0160kerl Kramberger Statutarna komisija Igor Selan Simona Fajfar Janez Kru\u0161i\u010d Vesna Rojko Gorazd Utenkar Novinarsko \u010dastno razsodi\u0161\u010de, skupni organ DNS in SNS Tatjana Pirc (Radio Slovenija), predsednica Brane Piano (upokojeni novinar), podpredsednik Ranka Ivelja (Dnevnik) Sonja Merljak Zdovc (\u010casoris) Jure Tepina (24ur.com) Igor Vobi\u010d (predstavnik javnosti) Manica J. Ambro\u017ei\u010d (Televizija Slovenija) Nata\u0161a \u0160tefe (Val 202) Vanja Tekavec (STA) Damijana \u017di\u0161t (Ve\u010der) Peter Merc (predstavnik javnosti) Pravno svetovanje Pravno svetovanje zagotavljajo pisarna SNS, Sandra Cico in drugi pravniki, izbrani glede na naravo dela.<\/p>","protected":false},"author":4,"featured_media":0,"parent":0,"menu_order":0,"comment_status":"closed","ping_status":"closed","template":"","meta":{"footnotes":"","_links_to":"","_links_to_target":""},"categories":[],"tags":[],"class_list":["post-46","page","type-page","status-publish","hentry"],"jetpack_sharing_enabled":true,"post_mailing_queue_ids":[],"_links":{"self":[{"href":"https:\/\/sindikat-novinarjev.si\/en\/wp-json\/wp\/v2\/pages\/46","targetHints":{"allow":["GET"]}}],"collection":[{"href":"https:\/\/sindikat-novinarjev.si\/en\/wp-json\/wp\/v2\/pages"}],"about":[{"href":"https:\/\/sindikat-novinarjev.si\/en\/wp-json\/wp\/v2\/types\/page"}],"author":[{"embeddable":true,"href":"https:\/\/sindikat-novinarjev.si\/en\/wp-json\/wp\/v2\/users\/4"}],"replies":[{"embeddable":true,"href":"https:\/\/sindikat-novinarjev.si\/en\/wp-json\/wp\/v2\/comments?post=46"}],"version-history":[{"count":70,"href":"https:\/\/sindikat-novinarjev.si\/en\/wp-json\/wp\/v2\/pages\/46\/revisions"}],"predecessor-version":[{"id":3580,"href":"https:\/\/sindikat-novinarjev.si\/en\/wp-json\/wp\/v2\/pages\/46\/revisions\/3580"}],"wp:attachment":[{"href":"https:\/\/sindikat-novinarjev.si\/en\/wp-json\/wp\/v2\/media?parent=46"}],"wp:term":[{"taxonomy":"category","embeddable":true,"href":"https:\/\/sindikat-novinarjev.si\/en\/wp-json\/wp\/v2\/categories?post=46"},{"taxonomy":"post_tag","embeddable":true,"href":"https:\/\/sindikat-novinarjev.si\/en\/wp-json\/wp\/v2\/tags?post=46"}],"curies":[{"name":"wp","href":"https:\/\/api.w.org\/{rel}","templated":true}]}}