{"id":50,"date":"2015-05-29T13:51:51","date_gmt":"2015-05-29T11:51:51","guid":{"rendered":"https:\/\/sindikat-novinarjev.si\/?page_id=50"},"modified":"2026-03-09T09:41:02","modified_gmt":"2026-03-09T08:41:02","slug":"brezplacna-pravna-pomoc","status":"publish","type":"page","link":"https:\/\/sindikat-novinarjev.si\/en\/brezplacna-pravna-pomoc\/","title":{"rendered":"BREZPLA\u010cNA PRAVNA POMO\u010c"},"content":{"rendered":"<p>\u010ce\u00a0<strong>potrebujete pravno pomo\u010d<\/strong>\u00a0in ste \u010dlan Sindikata novinarjev Slovenije, lahko v pisarni sindikata dobite prvo informacijo in z njeno pomo\u010djo vzpostavite stik s\u00a0<strong>pravnikom<\/strong>, ki se najbolje spozna na podro\u010dje, na katerem imate te\u017eave.<\/p>\n<p>Sindikat sodeluje z<strong>\u00a0razli\u010dnimi odvetni\u0161kimi pisarnami<\/strong>, ki njegove \u010dlane zastopajo v sporih na sodi\u0161\u010dih ali v izvensodnih poravnavah. Poleg tega odvetniki tudi svetujejo na podro\u010dju\u00a0<strong>urejanja delovnih razmerij<\/strong>, predvsem\u00a0<strong>pri sklepanju pogodb o zaposlitvi<\/strong>, in v vseh primerih morebitnih\u00a0<strong>kr\u0161itev poklicne kolektivne pogodbe<\/strong>. Organiziramo tudi\u00a0<strong>pravno podporo<\/strong>\u00a0pri hi\u0161nih pogajanjih ali v primeru stavke.<\/p>\n<p>SNS ima sklenjeno tudi pogodbo z\u00a0<strong>In\u0161titutom za delo pri Pravni fakulteti<\/strong>, kar mu omogo\u010da dostop do\u00a0<strong>strokovne literature<\/strong>, mo\u017enost\u00a0<strong>izobra\u017eevanja<\/strong>\u00a0na strokovnih seminarjih po polovi\u010dni ceni in pridobitev\u00a0<strong>nasvetov o \u0161ir\u0161ih podro\u010djih<\/strong>\u00a0urejanja delovnopravnih razmerij.<\/p>\n<p><strong>Dodatne informacije dobite v prostorih Sindikata novinarjev Slovenije na Vo\u0161njakovi 8 v Ljubljani, po telefonu (01) 426 03 66 ali e-po\u0161ti\u00a0<\/strong>info(at)sindikat-novinarjev.si<strong>.<\/strong><\/p>\n<p>Vsako sredo je na voljo Ura pravne pomo\u010di, ve\u010d <a href=\"https:\/\/sindikat-novinarjev.si\/en\/vsako-sredo-ura-pravne-pomoci\/\">TUKAJ.<\/a><\/p>\n<p>POMEMBNO:<\/p>\n<p>Pred pri\u010detkom postopka nudenja pravne pomo\u010di, se mora vsak \u010dlan seznaniti s pravili sindikata na tem podro\u010dju. Pravila so dolo\u010dena v <a href=\"https:\/\/sindikat-novinarjev.si\/wp-content\/uploads\/Pravna_pomoc_SNS_preciscena-verzija_januar-2026-lektorirano.pdf\">Pravilnik o pravni pomo\u010di<\/a>.<\/p>","protected":false},"excerpt":{"rendered":"<p>\u010ce\u00a0potrebujete pravno pomo\u010d\u00a0in ste \u010dlan Sindikata novinarjev Slovenije, lahko v pisarni sindikata dobite prvo informacijo in z njeno pomo\u010djo vzpostavite stik s\u00a0pravnikom, ki se najbolje spozna na podro\u010dje, na katerem imate te\u017eave. Sindikat sodeluje z\u00a0razli\u010dnimi odvetni\u0161kimi pisarnami, ki njegove \u010dlane zastopajo v sporih na sodi\u0161\u010dih ali v izvensodnih poravnavah. Poleg tega odvetniki tudi svetujejo na podro\u010dju\u00a0urejanja delovnih razmerij, predvsem\u00a0pri sklepanju pogodb o zaposlitvi, in v vseh primerih morebitnih\u00a0kr\u0161itev poklicne kolektivne pogodbe. Organiziramo tudi\u00a0pravno podporo\u00a0pri hi\u0161nih pogajanjih ali v primeru stavke. SNS ima sklenjeno tudi pogodbo z\u00a0In\u0161titutom za delo pri Pravni fakulteti, kar mu omogo\u010da dostop do\u00a0strokovne literature, mo\u017enost\u00a0izobra\u017eevanja\u00a0na strokovnih seminarjih po polovi\u010dni ceni in pridobitev\u00a0nasvetov o \u0161ir\u0161ih podro\u010djih\u00a0urejanja delovnopravnih razmerij. Dodatne informacije dobite v prostorih Sindikata novinarjev Slovenije na Vo\u0161njakovi 8 v Ljubljani, po telefonu (01) 426 03 66 ali e-po\u0161ti\u00a0info(at)sindikat-novinarjev.si. Vsako sredo je na voljo Ura pravne pomo\u010di, ve\u010d TUKAJ. POMEMBNO: Pred pri\u010detkom postopka nudenja pravne pomo\u010di, se mora vsak \u010dlan seznaniti s pravili sindikata na tem podro\u010dju. Pravila so dolo\u010dena v Pravilnik o pravni pomo\u010di.<\/p>","protected":false},"author":4,"featured_media":0,"parent":0,"menu_order":0,"comment_status":"closed","ping_status":"closed","template":"","meta":{"footnotes":"","_links_to":"","_links_to_target":""},"categories":[],"tags":[],"class_list":["post-50","page","type-page","status-publish","hentry"],"jetpack_sharing_enabled":true,"post_mailing_queue_ids":[],"_links":{"self":[{"href":"https:\/\/sindikat-novinarjev.si\/en\/wp-json\/wp\/v2\/pages\/50","targetHints":{"allow":["GET"]}}],"collection":[{"href":"https:\/\/sindikat-novinarjev.si\/en\/wp-json\/wp\/v2\/pages"}],"about":[{"href":"https:\/\/sindikat-novinarjev.si\/en\/wp-json\/wp\/v2\/types\/page"}],"author":[{"embeddable":true,"href":"https:\/\/sindikat-novinarjev.si\/en\/wp-json\/wp\/v2\/users\/4"}],"replies":[{"embeddable":true,"href":"https:\/\/sindikat-novinarjev.si\/en\/wp-json\/wp\/v2\/comments?post=50"}],"version-history":[{"count":12,"href":"https:\/\/sindikat-novinarjev.si\/en\/wp-json\/wp\/v2\/pages\/50\/revisions"}],"predecessor-version":[{"id":3777,"href":"https:\/\/sindikat-novinarjev.si\/en\/wp-json\/wp\/v2\/pages\/50\/revisions\/3777"}],"wp:attachment":[{"href":"https:\/\/sindikat-novinarjev.si\/en\/wp-json\/wp\/v2\/media?parent=50"}],"wp:term":[{"taxonomy":"category","embeddable":true,"href":"https:\/\/sindikat-novinarjev.si\/en\/wp-json\/wp\/v2\/categories?post=50"},{"taxonomy":"post_tag","embeddable":true,"href":"https:\/\/sindikat-novinarjev.si\/en\/wp-json\/wp\/v2\/tags?post=50"}],"curies":[{"name":"wp","href":"https:\/\/api.w.org\/{rel}","templated":true}]}}