{"id":90,"date":"2015-05-29T19:12:18","date_gmt":"2015-05-29T17:12:18","guid":{"rendered":"https:\/\/sindikat-novinarjev.si\/?page_id=90"},"modified":"2018-02-28T21:19:26","modified_gmt":"2018-02-28T20:19:26","slug":"prednosti-clanstva","status":"publish","type":"page","link":"https:\/\/sindikat-novinarjev.si\/en\/prednosti-clanstva\/","title":{"rendered":"Prednosti \u010dlanstva"},"content":{"rendered":"<h3><strong>Zakaj postati \u010dlan SNS<\/strong><\/h3>\n<p><strong>Pripadnost poklicnemu zdru\u017eenju, ki se zavzema za pravice vsakega \u010dlana<br \/>\n<\/strong>\u010clanstvo v SNS izra\u017ea pripadnost poklicni skupini novinarjev in le-to krepi v odnosu do delodajalcev, zakonodajalcev in \u0161ir\u0161e javnosti.<\/p>\n<p><strong>Brezpla\u010dna pravna pomo\u010d<br \/>\n<\/strong>Vsak \u010dlan ima pravico do brezpla\u010dnih pravnih nasvetov, pravne pomo\u010di pri dogovarjanju z delodajalci, pa tudi do pravnega zastopnika v sporih pred sodi\u0161\u010di. Prvo pravno pomo\u010d \u010dlani dobijo v pisarni SNS.<br \/>\n<strong>Informiranje o pravicah iz Kolektivne pogodbe za poklicne novinarje<br \/>\n<\/strong>\u010clanom je zagotovljena razlaga posameznih \u010dlenov pogodbe in pomo\u010d sindikata pri zagotavljanju spo\u0161tovanja pravic iz kolektivne pogodbe. V ta namen sindikat tudi spremlja spo\u0161tovanje kolektivne pogodbe po posameznih medijskih hi\u0161ah in jih sproti opozarja na morebitne kr\u0161itve.<\/p>\n<p><strong>Pomo\u010d pri organiziranju stavke<br \/>\n<\/strong>Sindikat \u010dlanom pomaga s pravnimi nasveti, pripravo spremljajo\u010dih dokumentov, zastopanjem v pogajanjih in delnim nadomestilom osebnih dohodkov v \u010dasu stavke.<\/p>\n<p><strong>\u010clanstvo v mednarodnih organizacijah<br \/>\n<\/strong>Sindikat novinarjev Slovenije je polnopravni \u010dlan Mednarodne novinarske zveze (IFJ), zato \u010dlanstvo v sindikatu omogo\u010da pridobitev mednarodne novinarske izkaznice, do katere so upravi\u010deni samo \u010dlani nacionalnih novinarskih zdru\u017eenj.<\/p>\n<p><strong>Izobra\u017eevanje<br \/>\n<\/strong>Sindikat novinarjev Slovenije organizira izobra\u017eevanja, okrogle mize in delavnice, ki so za \u010dlane brezpla\u010dni.<\/p>\n<p><strong>Obve\u0161\u010danje o aktualnih zadevah doma in v tujini<br \/>\n<\/strong>SNS zbira podatke in \u010dlane redno obve\u0161\u010da o vseh dogodkih in trendih, ki vplivajo na opravljanje novinarskega poklica in na pravice, ki iz tega izhajajo (nova zakonodaja, spremembe kolektivne pogodbe, morebitne kr\u0161itve le-te v posameznih medijskih podjetjih ipd.).<\/p>","protected":false},"excerpt":{"rendered":"<p>Zakaj postati \u010dlan SNS Pripadnost poklicnemu zdru\u017eenju, ki se zavzema za pravice vsakega \u010dlana \u010clanstvo v SNS izra\u017ea pripadnost poklicni skupini novinarjev in le-to krepi v odnosu do delodajalcev, zakonodajalcev in \u0161ir\u0161e javnosti. Brezpla\u010dna pravna pomo\u010d Vsak \u010dlan ima pravico do brezpla\u010dnih pravnih nasvetov, pravne pomo\u010di pri dogovarjanju z delodajalci, pa tudi do pravnega zastopnika v sporih pred sodi\u0161\u010di. Prvo pravno pomo\u010d \u010dlani dobijo v pisarni SNS. Informiranje o pravicah iz Kolektivne pogodbe za poklicne novinarje \u010clanom je zagotovljena razlaga posameznih \u010dlenov pogodbe in pomo\u010d sindikata pri zagotavljanju spo\u0161tovanja pravic iz kolektivne pogodbe. V ta namen sindikat tudi spremlja spo\u0161tovanje kolektivne pogodbe po posameznih medijskih hi\u0161ah in jih sproti opozarja na morebitne kr\u0161itve. Pomo\u010d pri organiziranju stavke Sindikat \u010dlanom pomaga s pravnimi nasveti, pripravo spremljajo\u010dih dokumentov, zastopanjem v pogajanjih in delnim nadomestilom osebnih dohodkov v \u010dasu stavke. \u010clanstvo v mednarodnih organizacijah Sindikat novinarjev Slovenije je polnopravni \u010dlan Mednarodne novinarske zveze (IFJ), zato \u010dlanstvo v sindikatu omogo\u010da pridobitev mednarodne novinarske izkaznice, do katere so upravi\u010deni samo \u010dlani nacionalnih novinarskih zdru\u017eenj. Izobra\u017eevanje Sindikat novinarjev Slovenije organizira izobra\u017eevanja, okrogle mize in delavnice, ki so za \u010dlane brezpla\u010dni. Obve\u0161\u010danje o aktualnih zadevah doma in v tujini SNS zbira podatke in \u010dlane redno obve\u0161\u010da o vseh dogodkih in trendih, ki vplivajo na opravljanje novinarskega poklica in na pravice, ki iz tega izhajajo (nova zakonodaja, spremembe kolektivne pogodbe, morebitne kr\u0161itve le-te v posameznih medijskih podjetjih ipd.).<\/p>","protected":false},"author":4,"featured_media":0,"parent":0,"menu_order":0,"comment_status":"closed","ping_status":"closed","template":"","meta":{"footnotes":"","_links_to":"","_links_to_target":""},"categories":[],"tags":[],"class_list":["post-90","page","type-page","status-publish","hentry"],"jetpack_sharing_enabled":true,"post_mailing_queue_ids":[],"_links":{"self":[{"href":"https:\/\/sindikat-novinarjev.si\/en\/wp-json\/wp\/v2\/pages\/90","targetHints":{"allow":["GET"]}}],"collection":[{"href":"https:\/\/sindikat-novinarjev.si\/en\/wp-json\/wp\/v2\/pages"}],"about":[{"href":"https:\/\/sindikat-novinarjev.si\/en\/wp-json\/wp\/v2\/types\/page"}],"author":[{"embeddable":true,"href":"https:\/\/sindikat-novinarjev.si\/en\/wp-json\/wp\/v2\/users\/4"}],"replies":[{"embeddable":true,"href":"https:\/\/sindikat-novinarjev.si\/en\/wp-json\/wp\/v2\/comments?post=90"}],"version-history":[{"count":4,"href":"https:\/\/sindikat-novinarjev.si\/en\/wp-json\/wp\/v2\/pages\/90\/revisions"}],"predecessor-version":[{"id":976,"href":"https:\/\/sindikat-novinarjev.si\/en\/wp-json\/wp\/v2\/pages\/90\/revisions\/976"}],"wp:attachment":[{"href":"https:\/\/sindikat-novinarjev.si\/en\/wp-json\/wp\/v2\/media?parent=90"}],"wp:term":[{"taxonomy":"category","embeddable":true,"href":"https:\/\/sindikat-novinarjev.si\/en\/wp-json\/wp\/v2\/categories?post=90"},{"taxonomy":"post_tag","embeddable":true,"href":"https:\/\/sindikat-novinarjev.si\/en\/wp-json\/wp\/v2\/tags?post=90"}],"curies":[{"name":"wp","href":"https:\/\/api.w.org\/{rel}","templated":true}]}}